{"id":138,"date":"2019-12-09T05:43:38","date_gmt":"2019-12-09T04:43:38","guid":{"rendered":"http:\/\/aucp1234.fr\/?page_id=138"},"modified":"2019-12-09T07:52:35","modified_gmt":"2019-12-09T06:52:35","slug":"passage-vebdome","status":"publish","type":"page","link":"https:\/\/aucp1234.fr\/?page_id=138","title":{"rendered":"Passage VEBDOME (suite)"},"content":{"rendered":"\n<p><strong>Sa localisation&nbsp;:<\/strong> <\/p>\n\n\n\n<p>Le passage Vend\u00f4me est situ\u00e9 dans le 3<sup>\u00e8me<\/sup> arrondissement, il\ncommence au n\u00b016 rue B\u00e9ranger et finit au n\u00b03 de la place de la R\u00e9publique. <\/p>\n\n\n\n<p>Sa longueur est de 57 m et sa largeur de 4 m.<\/p>\n\n\n\n<p>Il est ouvert du lundi au vendredi\nde 7h15 \u00e0 20h&nbsp;; le samedi du 8h \u00e0 20h.<\/p>\n\n\n\n<p><strong>&nbsp;Historiquement&nbsp;:<\/strong> <\/p>\n\n\n\n<p>Il tient son nom de la rue Vend\u00f4me\nvoisine, rue qui en 1827 a pris le nom de rue B\u00e9ranger&nbsp;; cette voie priv\u00e9e\na \u00e9t\u00e9 form\u00e9e \u00e9galement en 1827 par l\u2019am\u00e9nagement de l\u2019ancien passage du Jeu-de-Paume\nouvert en 1800, sur l\u2019emplacement de la chapelle de l\u2019ex-couvent des\nFilles-du-Sauveur (d\u00e9truit \u00e0 la R\u00e9volution), alors propri\u00e9t\u00e9 du G\u00e9n\u00e9ral-Baron\nDarriule. Ce jeu-de-paume avait \u00e9t\u00e9 construit par B\u00e9ranger \u00e0 l\u2019emplacement de\nl\u2019actuel th\u00e9\u00e2tre D\u00e9jazet. <\/p>\n\n\n\n<p><strong>Son \u00e9dification<\/strong>&nbsp;: <\/p>\n\n\n\n<p>Le passage a \u00e9t\u00e9 construit donc en\n1827 par Jean Baptiste Labadye pour permettre de joindre ais\u00e9ment le boulevard\ndu Temple au Carreau du Temple.<\/p>\n\n\n\n<p>La partie nord-est a \u00e9t\u00e9 amput\u00e9e en\n1869 par la cr\u00e9ation de la place de la R\u00e9publique et reconstruite par\nl\u2019architecte Soty&nbsp;; ce qui explique la diff\u00e9rence de traitement des deux\ntron\u00e7ons tant en ce qui concerne les fa\u00e7ades que les verri\u00e8res et la diff\u00e9rence\nde niveau du sol (10 marches pour descendre vers la place de la R\u00e9publique. Sa fa\u00e7ade sur la place de la\nR\u00e9publique pr\u00e9sente une arcade de style Charles X flanqu\u00e9e de pilastres et de\nniches et surmont\u00e9e d\u2019une corniche \u00e0 denticules avec en cl\u00e9 d\u2019arc un masque de\nMercure, dieu du commerce. Le passage est ferm\u00e9 par une belle grille de fer\nforg\u00e9.<\/p>\n\n\n\n<p>L\u2019architecture int\u00e9rieure du\npassage pourrait, par le jeu des arcades support\u00e9es par des pilastres \u00e0\nchapiteaux qui rythment le parcours, associ\u00e9es aux quelques devantures\nanciennes, et les deux grandes verri\u00e8res, pr\u00e9senter une r\u00e9elle qualit\u00e9 patrimoniale<\/p>\n\n\n\n<p>Le passage est<strong> prot\u00e9g\u00e9 ISMH<\/strong> par arr\u00eat\u00e9 du 13avril 1987.<br>\n<\/p>\n\n\n\n<p><strong>L\u2019occupation du b\u00e2ti<\/strong>&nbsp;:<\/p>\n\n\n\n<p>Le passage ne\npr\u00e9sente aucun acc\u00e8s aux logements existant dans les \u00e9tages des b\u00e2timents qu\u2019il\ntraverse.<\/p>\n\n\n\n<p>C\u00f4t\u00e9 Est&nbsp;:\nOne Opticien (angle rue B\u00e9ranger), Expresso Service (cordonnier-cl\u00e9 minute), 2 bureaux&nbsp;(?),\nCabinet Gorin (immobilier), l\u2019ex Pain Vend\u00f4me (sandwicherie), 2\nboutiques vacantes, So Sushi (restaurant), cours Capitole (institut de langues\n\u00e9trang\u00e8res), caf\u00e9 Indiana (angle place)&nbsp;.<\/p>\n\n\n\n<p>Cot\u00e9 Ouest&nbsp;: Pharmacie de la\nplace de la R\u00e9publique (angle place) qui occupe 13 arcades sur les 16, les 3\nderni\u00e8res abritent Baijiale (restaurant japonnais) (angle B\u00e9ranger).<\/p>\n\n\n\n<p><strong>Les probl\u00e8mes rencontr\u00e9s<\/strong>&nbsp;: <\/p>\n\n\n\n<p>Malgr\u00e9 une\narchitecture initiale \u00e9l\u00e9gante et un emplacement exceptionnel \u00e0\nl\u2019origine sur le boulevard du Temple, il ne rencontra\npas le succ\u00e8s escompt\u00e9 et fut tr\u00e8s rapidement ignor\u00e9&nbsp;; Il demeure\ntoujours assez peu fr\u00e9quent\u00e9.<\/p>\n\n\n\n<p>Il faut\nreconna\u00eetre qu\u2019il est de biais et non perpendiculaire \u00e0 l\u2019alignement de la\nplace de la R\u00e9publique et son entr\u00e9e en partie masqu\u00e9 par la terrasse du caf\u00e9\nIndiana tr\u00e8s en avant de cet alignement. Le second inconv\u00e9nient est l\u2019obstacle\nque repr\u00e9sentent les 3 emmarchements successifs (10 marches au total) entre les\ndeux parties du passage. Le dallage du sol a \u00e9t\u00e9 amput\u00e9 par d\u2019anciennes\ntranch\u00e9es et n\u2019est plus homog\u00e8ne. L\u2019\u00e9clairage public en lanternes suspendues en\npotences est assez m\u00e9diocre.<\/p>\n\n\n\n<p>En ce qui concerne l\u2019attractivit\u00e9\ncommerciale, on constate un d\u00e9s\u00e9quilibre entre les c\u00f4t\u00e9s ouest et est&nbsp;; 2\nactivit\u00e9s seulement pour &nbsp;11 en face\n(souvent n\u2019occupant qu\u2019une seule arcade. Par ailleurs, la pharmacie et le caf\u00e9\n(les 2 activit\u00e9s majeures du passage) tournent le dos \u00e0 leurs vitrines sur le\npassage, rendues translucides ou opaques et pour certaines tagu\u00e9es&nbsp;; le\nrestaurant japonais qui fait suite aux arcades aveugles de la pharmacie offre \u00e9galement\nune fa\u00e7ade en partie rendues translucide, fortement tagu\u00e9es (le local semble\nmarqu\u00e9 de peu d\u2019activit\u00e9 int\u00e9rieure). De m\u00eame, les bureaux, les activit\u00e9s de\nformation et les boutiques vacantes ne favorisent pas l\u2019attractivit\u00e9 du lieu.<\/p>\n\n\n\n<p>Enfin, l\u2019h\u00e9t\u00e9rog\u00e9n\u00e9it\u00e9 des\ndevantures et enseignes, l\u2019int\u00e9gration aux devantures d\u2019\u00e9l\u00e9ments d\u00e9coratifs&nbsp; et de mod\u00e9nature ne mettent pas en valeur\nl\u2019architecture du lieu.<\/p>\n\n\n\n<p>De surcroit, les fa\u00e7ades\nint\u00e9rieures du passage comme le sol semblent assez peu entretenues (nombreuses\ntoiles d\u2019araign\u00e9es, tagues, traces de salet\u00e9 des soubassements de vitrines et fientes\ndes nombreux pigeons au sol, sur les corniches et chapiteaux&nbsp;\u2026).<\/p>\n\n\n\n<p><strong>Le statut du passage<\/strong>&nbsp;: <\/p>\n\n\n\n<p>Copropri\u00e9t\u00e9 sp\u00e9cifique au passage&nbsp;: Synd Copr 16 rue B\u00e9ranger Paris\n3<sup>\u00e8me<\/sup> , <\/p>\n\n\n\n<p>69 boulevard Berthier 75017 Paris (GERLOGE\n08 90 10 90 65&nbsp;? \u00e0 v\u00e9rifier&nbsp;!)<\/p>\n\n\n\n<p><strong>Suggestions d\u2019\u00e9volution&nbsp;: <\/strong><\/p>\n\n\n\n<p>Une premi\u00e8re restauration a eu lieu en 2005 d\u00e9j\u00e0\ndans le cadre d\u2019un partenariat avec la ville de Paris.<\/p>\n\n\n\n<p><strong>Il nous semble que toute\nintervention de la collectivit\u00e9 risque d\u2019\u00eatre encore vou\u00e9e \u00e0 l\u2019\u00e9chec si elle\nn\u2019est pas accompagn\u00e9e d\u2019un effort important consenti par les riverains sur\nleurs vitrines et ce qu\u2019elles laissent \u00e0 voir (c&#8217;est-\u00e0-dire l\u2019organisation\nint\u00e9rieure de leur activit\u00e9&nbsp;pour qu\u2019elles soient ouvertes sur le passage).<\/strong><\/p>\n\n\n\n<p>Les interventions qui pourraient\n\u00eatre envisag\u00e9es&nbsp; sont les suivantes.<\/p>\n\n\n\n<p><strong>Sur la partie collective&nbsp;:<\/strong><\/p>\n\n\n\n<ul><li>Une protection anti-pigeons plus efficace,<\/li><li>La reprise du dallage de sol,<\/li><li>Un d\u00e9capage et restauration des pilastres, chapiteaux\net bandeaux moulur\u00e9s (joignant les chapiteaux des pilastres) appartenant \u00e0\nl\u2019architecture collective du passage,<\/li><li>Une mise en lumi\u00e8re (par exemple un \u00e9clairage des\narcades \u00e0 partir des bandeaux sup\u00e9rieurs des devantures),<\/li><li>La restauration des grilles des deux porches d\u2019entr\u00e9e,<\/li><li>Un nettoyage des verri\u00e8res,<\/li><li>Un entretien r\u00e9gulier du sol et soubassements de\nvitrines.<\/li><\/ul>\n\n\n\n<p><strong><br>\n<\/strong><\/p>\n\n\n\n<p><strong>Pour les parties priv\u00e9es des devantures&nbsp;:<\/strong><\/p>\n\n\n\n<ul><li>Le d\u00e9gagement des pilastres et chapiteaux ainsi que\nles bandeaux moulur\u00e9s, et le maintien des devantures en feuillure du cadre de\nchaque arcade.<\/li><li>La r\u00e9fection des devantures selon deux mod\u00e8les\nexistants en bois (par exemple&nbsp;: celles des bureaux au n\u00b012) ou en acier (par\nexemple celles des premi\u00e8res arcades de la pharmacie c\u00f4t\u00e9 place de la\nR\u00e9publique).<\/li><li>La recherche d\u2019une mise en teinte harmonique des\ndevantures et du graphisme des enseignes appliqu\u00e9es.<\/li><li>Une r\u00e9fection des enseignes perpendiculaires en\npotence.<\/li><\/ul>\n\n\n\n<p><strong>-+-+-+-+-+-+-+-+-<\/strong><\/p>\n\n\n\n<p><strong>Gilles-H. BAILLY &#8211;&nbsp; F\u00e9vrier &nbsp;2019<\/strong><\/p>\n","protected":false},"excerpt":{"rendered":"<p>Sa localisation&nbsp;: Le passage Vend\u00f4me est situ\u00e9 dans le 3\u00e8me arrondissement, il commence au n\u00b016 rue B\u00e9ranger et finit au n\u00b03 de la place de la R\u00e9publique. Sa longueur est de 57 m et sa largeur de 4 m. Il est ouvert du lundi au vendredi de 7h15 \u00e0 20h&nbsp;; le samedi du 8h \u00e0 &hellip; <\/p>\n<p class=\"link-more\"><a href=\"https:\/\/aucp1234.fr\/?page_id=138\" class=\"more-link\">Continue reading<span class=\"screen-reader-text\"> &#8220;Passage VEBDOME (suite)&#8221;<\/span><\/a><\/p>\n","protected":false},"author":1,"featured_media":0,"parent":0,"menu_order":0,"comment_status":"closed","ping_status":"closed","template":"","meta":[],"_links":{"self":[{"href":"https:\/\/aucp1234.fr\/index.php?rest_route=\/wp\/v2\/pages\/138"}],"collection":[{"href":"https:\/\/aucp1234.fr\/index.php?rest_route=\/wp\/v2\/pages"}],"about":[{"href":"https:\/\/aucp1234.fr\/index.php?rest_route=\/wp\/v2\/types\/page"}],"author":[{"embeddable":true,"href":"https:\/\/aucp1234.fr\/index.php?rest_route=\/wp\/v2\/users\/1"}],"replies":[{"embeddable":true,"href":"https:\/\/aucp1234.fr\/index.php?rest_route=%2Fwp%2Fv2%2Fcomments&post=138"}],"version-history":[{"count":2,"href":"https:\/\/aucp1234.fr\/index.php?rest_route=\/wp\/v2\/pages\/138\/revisions"}],"predecessor-version":[{"id":146,"href":"https:\/\/aucp1234.fr\/index.php?rest_route=\/wp\/v2\/pages\/138\/revisions\/146"}],"wp:attachment":[{"href":"https:\/\/aucp1234.fr\/index.php?rest_route=%2Fwp%2Fv2%2Fmedia&parent=138"}],"curies":[{"name":"wp","href":"https:\/\/api.w.org\/{rel}","templated":true}]}}