{"id":154,"date":"2019-12-10T21:45:54","date_gmt":"2019-12-10T20:45:54","guid":{"rendered":"http:\/\/aucp1234.fr\/?page_id=154"},"modified":"2019-12-10T21:45:54","modified_gmt":"2019-12-10T20:45:54","slug":"objectifs-aucp-pour-les-prochaines-annees-suite","status":"publish","type":"page","link":"https:\/\/aucp1234.fr\/?page_id=154","title":{"rendered":"Objectifs AUCP pour les prochaines ann\u00e9es (suite)"},"content":{"rendered":"\n<p><em>15 novembre 2019<\/em><\/p>\n\n\n\n<p><strong>Atelier\nd\u2019Urbanisme du Centre de Paris &#8211; AUCP1234<\/strong><\/p>\n\n\n\n<p><strong>Son\nr\u00f4le et ses projets pour les prochaines ann\u00e9es <\/strong><\/p>\n\n\n\n<p><strong>_____________<\/strong>______\n<\/p>\n\n\n\n<p>L\u2019AUCP, Atelier\nd\u2019Urbanisme du Centre de Paris (AUCP1234) est une association issue d\u2019une\nancienne tradition associative des derni\u00e8res d\u00e9cennies. On peut citer parmi ses\nant\u00e9c\u00e9dents&nbsp;:<\/p>\n\n\n\n<ul><li>Les Comit\u00e9s des Habitants des 4<sup>\u00e8me<\/sup>\net 3<sup>\u00e8me<\/sup>&nbsp; arrondissements, CH4\net CH3 des ann\u00e9es soixante dix&nbsp;;<\/li><li>L\u2019association Vivre dans le 3<sup>\u00e8me<\/sup>\ndes ann\u00e9es quatre vingt dix&nbsp;;<\/li><li>Le Quatri\u00e8me en Action, (toujours en\nactivit\u00e9 aujourd&#8217;hui)&nbsp;;<\/li><li>Solidarit\u00e9 Nouvelle pour le Logement, (en\nactivit\u00e9)&nbsp;;<\/li><li>La Bagagerie des Halles (en activit\u00e9)&nbsp;;<\/li><li>L\u2019ALU3, Atelier Local d\u2019Urbanisme du 3<sup>\u00e8me<\/sup>\n, qui s\u2019est arr\u00eat\u00e9 il y a quelques ann\u00e9es, apr\u00e8s quinze ann\u00e9es de\nfonctionnement&nbsp;;<\/li><li>Le Collectif Logement du 3<sup>\u00e8me<\/sup> (en\nactivit\u00e9 aujourd\u2019hui)\u2026<\/li><\/ul>\n\n\n\n<p>Depuis longtemps des\nr\u00e9flexions et des actions \u00e9taient conduites en partenariat entre plusieurs de\nces structures du centre de Paris par exemple : <\/p>\n\n\n\n<ul><li>pour &nbsp;l&#8217;adaptation des transports publics avec le\nprojet de &#8220;Maraisbus&#8221; entre le troisi\u00e8me et le quatri\u00e8me\narrondissement, <\/li><li>contre les expulsions et la sp\u00e9culation,<\/li><li>contre la d\u00e9molition du Carreau du Temple\net plus tard, pour sa r\u00e9habilitation, <\/li><li>contre la disparition du March\u00e9 des\nEnfants Rouges\u2026<\/li><\/ul>\n\n\n\n<p>Mais c\u2019est \u00e0 l\u2019occasion\nde la fermeture de l&#8217;Atelier Local d&#8217;Urbanisme du 3<sup>\u00e8me <\/sup>&nbsp;(l\u2019ALU3) que l\u2019id\u00e9e d\u2019un nouvel atelier\nd\u2019urbanisme associatif (des quatre premiers arrondissements) a vu le jour.<\/p>\n\n\n\n<p>Cr\u00e9\u00e9 en 2017, L\u2019Atelier\nd\u2019Urbanisme du Centre de Paris \u2013 AUCP1234 \u2013 rassemble aujourd\u2019hui un groupe\nd\u2019habitants de ces arrondissements dont des professionnels de l&#8217;urbanisme et de\nla ville (architectes, urbanistes, paysagistes, militants du d\u00e9veloppement\ndurable, ing\u00e9nieurs\u2026).<\/p>\n\n\n\n<p><strong>LES\nOBJECTIFS DE L&#8217;ATELIER D&#8217;URBANISME DU CENTRE DE PARIS<\/strong><\/p>\n\n\n\n<p>L&#8217;AUCP propose une\nnouvelle vision de la ville \u00e0 partir de plusieurs id\u00e9es&nbsp;:<\/p>\n\n\n\n<ul><li>L\u2019adaptation aux changements climatiques\net le &nbsp;d\u00e9veloppement durable&nbsp;;<\/li><\/ul>\n\n\n\n<ul><li>Une nouvelle approche \u00e9conomique et\nd&#8217;am\u00e9nagement, \u00e9troitement li\u00e9e \u00e0 la pr\u00e9occupation sociale et \u00e0\nl\u2019environnement&nbsp;mais devant prendre en compte, en m\u00eame temps, les\ncons\u00e9quences de la mondialisation qui font de Paris une &#8220;ville monde&#8221;\nayant \u00e0 faire face \u00e0 des flux de visiteurs, de tourisme et d&#8217;activit\u00e9s\nparticuli\u00e8rement importants&nbsp; ;<\/li><\/ul>\n\n\n\n<ul><li>Le souci permanent de la d\u00e9mocratie\nrepr\u00e9sentative mais aussi participative&nbsp;;<\/li><\/ul>\n\n\n\n<ul><li>Un travail en relation avec les \u00e9lus\nlocaux et les services de la Ville&nbsp;ainsi qu&#8217;avec les autres acteurs de la\nvie locale (Atelier Parisien d&#8217;Urbanisme (APUR), professionnels, commer\u00e7ants,\nartisans, autres associations et bien s\u00fbr, les Conseils de quartiers)&nbsp;;<\/li><\/ul>\n\n\n\n<p>Le r\u00f4le de l&#8217;AUCP, plate-forme de\nr\u00e9flexion, est d&#8217;intervenir, en toute ind\u00e9pendance, de faire des propositions, d&#8217;avoir\nune fonction de conseil et d&#8217;assister (suivant ses statuts) la ma\u00eetrise\nd&#8217;ouvrage publique, d&#8217;alimenter le d\u00e9bat autour des projets&#8230;<\/p>\n\n\n\n<p><strong>LES ACTIONS DE L&#8217;ATELIER<\/strong><\/p>\n\n\n\n<p>Les\nr\u00e9flexions et propositions d\u2019actions propos\u00e9es ci-apr\u00e8s sont ax\u00e9es sur\nl\u2019am\u00e9lioration concr\u00e8te de la vie locale, des habitants, des acteurs\n\u00e9conomiques et usagers des quartiers centraux, qu\u2019il s\u2019agisse : <\/p>\n\n\n\n<p>&nbsp;&nbsp;&nbsp;&nbsp; &#8211; <strong>de\nprogrammes d\u2019ensemble,<\/strong><\/p>\n\n\n\n<p>&#8211;\n<strong>de projets relatifs \u00e0 la recomposition,\nla requalification ou<\/strong><\/p>\n\n\n\n<p><strong>&nbsp;&nbsp;&nbsp;l\u2019am\u00e9nagement de l\u2019espace public.<\/strong><s><\/s><\/p>\n\n\n\n<p><strong>&nbsp;&nbsp;&nbsp;\n&#8211; de l&#8217;information du public et du d\u00e9bat<\/strong><\/p>\n\n\n\n<p><strong>Programmes d\u2019ensemble<\/strong><\/p>\n\n\n\n<ul><li><strong><em>LOGEMENT<\/em><\/strong><strong><em>\nET HABITAT<\/em><\/strong><\/li><\/ul>\n\n\n\n<p>Ce\nprogramme qui s&#8217;appuie sur l&#8217;exp\u00e9rience ant\u00e9rieure de plusieurs membres de\nl&#8217;association et qu&#8217;il conviendra d&#8217;affiner et de construire avec d&#8217;autres\nstructures avec lesquelles l&#8217;AUCP est en contact, telles que le Collectif\nLogement, SOLIHA, SNL (Solidarit\u00e9 Nouvelle pour le Logement)&#8230;, se pr\u00e9sente\ncomme un faisceau d\u2019actions coordonn\u00e9es&nbsp;:<\/p>\n\n\n\n<ul><li>Participer aux efforts engag\u00e9s par la\nVille et les arrondissements au cours des vingt ann\u00e9es pr\u00e9c\u00e9dentes, pour augmenter\nle nombre (toujours trop faible, malgr\u00e9 des r\u00e9sultats importants) de nouveaux\nlogements sociaux, par l\u2019acquisition par la Ville de Paris d\u2019immeubles et de\nlogements en vue de leur transformation en logements sociaux par les bailleurs\nsociaux ;<\/li><\/ul>\n\n\n\n<ul><li>Envisager des sur\u00e9l\u00e9vations quand cela est\npossible (par exemple certains immeubles de bailleurs sociaux) et r\u00e9alisation\nde logements sociaux sur ces sites ; un rep\u00e9rage sera n\u00e9cessaire dans Paris\ncentre sur des immeubles de premier et second rang, en croisant des crit\u00e8res de\nfaisabilit\u00e9 (construction, patrimoine, nouvelles nuisances, etc.) ;<\/li><\/ul>\n\n\n\n<ul><li>Agir en direction du parc priv\u00e9 avec une pr\u00e9occupation\nsociale, en accompagnant certaines d\u00e9marches comme <em>Louez solidaire <\/em>ou<em> Solidarit\u00e9\nNouvelle pour le logement<\/em> ;<\/li><\/ul>\n\n\n\n<ul><li>L\u2019encadrement des loyers ; <\/li><\/ul>\n\n\n\n<ul><li>La r\u00e9habilitation du parc existant dans\nl\u2019esprit du d\u00e9veloppement durable (\u00e9conomies d\u2019\u00e9nergie &#8211; isolation et\npr\u00e9occupation sociale). <\/li><\/ul>\n\n\n\n<p>Pourquoi\npas un&nbsp; programme sp\u00e9cifique pour Paris-Centre\ndu type 1000 immeubles, dans le cadre de <em>\u00c9co-\nr\u00e9novons Paris<\/em>&nbsp;? <\/p>\n\n\n\n<p>Mais\n\u00e0 condition de tenir compte des particularit\u00e9s de nos quartiers : la typologie\ndes immeubles, les modes constructifs et les mat\u00e9riaux ainsi que de la mise en\n\u0153uvre. Notre r\u00f4le serait d\u2019expliquer que l\u2019isolation est autre chose que le\ndoublage par l\u2019ext\u00e9rieur, la pose de fen\u00eatres type &#8220;r\u00e9novation&#8221; et\ntout ce que l\u2019on invente pour pallier les erreurs constructives et\narchitecturales ayant produit les passoires thermiques. Il s\u2019agirait de mettre\nen \u0153uvre une r\u00e9flexion sur les atouts et qualit\u00e9s du b\u00e2ti ancien et de ses murs\n\u00ab&nbsp;respirants&nbsp;\u00bb ainsi que sur ce qui constitue le patrimoine\narchitectural de cette ville la plus visit\u00e9e du monde. On ne peut pas, m\u00eame au\nnom des \u00e9conomies d\u2019\u00e9nergie, supprimer ou &#8220;encapsuler&#8221; la mod\u00e9nature\nqui fait la richesse de nos immeubles. <\/p>\n\n\n\n<ul><li>Un recensement des rez-de-chauss\u00e9e et\nautres locaux et leur r\u00e9habilitation pour accueillir des personnes handicap\u00e9es\nou \u00e2g\u00e9es ou affecter ces locaux \u00e0 des services sp\u00e9cifiques (sant\u00e9, action\nsociale\u2026).<\/li><\/ul>\n\n\n\n<p>Pour\ncela il faudra se rapprocher de l\u2019APUR qui poss\u00e8de des donn\u00e9es sur ces sujets\net des informations cartographi\u00e9es. <\/p>\n\n\n\n<p><strong><em>MOBILIT\u00c9,\nD\u00c9PLACEMENTS ET TRANSPORTS<\/em><\/strong><\/p>\n\n\n\n<ul><li><strong><em>MOBILCENTRE<\/em><\/strong><em><\/em><\/li><\/ul>\n\n\n\n<p><strong>&nbsp;<\/strong>Reprendre et affiner le\nprojet MOBILCENTRE propos\u00e9 par l\u2019AUCP avec l\u2019aide de l&#8217;\u00e9quipe <em>Ville et territoires <\/em>du CNAM et les\nEcoles d\u2019Arts Appliqu\u00e9s de la Ville de Paris. Il s&#8217;agit d&#8217;un&nbsp; syst\u00e8me de transports interne aux quatre\narrondissements et faisant appel aux nouvelles technologies, qui devrait\naccompagner le regroupement politique et administratif <em>Paris-centre.<\/em><\/p>\n\n\n\n<p>Le\nMOBILCENTRE, peut \u00eatre un outil puissant pour la r\u00e9ussite de ce regroupement\ndes quatre arrondissements, en facilitant les d\u00e9placements entre les diff\u00e9rents\nquartiers qui composent Paris-Centre (entre les anciennes mairies, les services,\nles \u00e9coles et lyc\u00e9es, les lieux d&#8217;activit\u00e9, de culture, etc.).<\/p>\n\n\n\n<p>Ces\narrondissements sont les plus visit\u00e9s par les Franciliens, les touristes\nfran\u00e7ais et \u00e9trangers. Le Mobilcentre favorisera une meilleure fluidit\u00e9 et\nliaisonnera mieux les lieux attractifs actuels et potentiels (on sent une nette\n\u00e9volution et changements d\u2019usages dans l\u2019offre culturelle et du tourisme\nurbain).<\/p>\n\n\n\n<p>Le\nMobilcentre sera aussi un outil majeur de connexion entre les lieux de vie, de\ncommerce, de travail (il y a beaucoup d&#8217;emplois dans les quatre\narrondissements) et d\u2019habitation ; d\u2019autres part, certains quartiers sont assez\nmal desservis (\u00e9loign\u00e9s des stations de bus et m\u00e9tro).<\/p>\n\n\n\n<p>Le\nMobilcentre est une r\u00e9ponse positive et attendue pour am\u00e9liorer la\npi\u00e9tonisation du centre de Paris, qui est in\u00e9luctable. La mise en place de la\ncirculation douce et une meilleure fluidit\u00e9 passe aussi par plus de confort et\nde facilit\u00e9 pour les habitants et usagers.<\/p>\n\n\n\n<ul><li><strong><em>PARCOURS PI\u00c9TONS <\/em><\/strong><\/li><\/ul>\n\n\n\n<p>Poursuivre\nles propositions de <em>Parcours Pi\u00e9tons <\/em>de\nl\u2019AUCP.<\/p>\n\n\n\n<p>.\n<strong>Le Parcours pi\u00e9tons Louvre-Bastille<\/strong>\npropos\u00e9 \u00e0 l&#8217;origine par l&#8217;ALU3 <s>&nbsp;<\/s>&nbsp;est repris par l&#8217;AUCP. Le projet a \u00e9t\u00e9 pris en\ncompte par le Budget participatif de 2015 et affin\u00e9 par une \u00e9quipe d&#8217;\u00e9tudiants\nde l&#8217;\u00c9cole d&#8217;Architecture Paris-Villemin. <\/p>\n\n\n\n<p>Il\ndevrait \u00eatre mis en \u0153uvre concr\u00e8tement tr\u00e8s rapidement pour co\u00efncider avec la\nfin du chantier d&#8217;am\u00e9nagement de la place de la Bastille.<\/p>\n\n\n\n<p>.\nD&#8217;autres parcours-pi\u00e9tons (notamment Nord\/Sud) pourraient &nbsp;\u00eatre \u00e9tudi\u00e9s par l&#8217;AUCP, en compl\u00e9ment et en\nlien avec les itin\u00e9raires du Mobilcentre. <\/p>\n\n\n\n<p>On\npeut penser aussi \u00e0 l\u2019am\u00e9lioration des connexions entre&nbsp; anciens quartiers \u00ab&nbsp;intra-muros&nbsp;\u00bb\net les \u00ab&nbsp;faubourgs&nbsp;\u00bb s\u00e9par\u00e9s par les Grands boulevards. Certains de\nces faubourgs ont maintenu un commerce du quotidien (certes en \u00e9volution) \u00e0\npr\u00e9server et si possible \u00e0 renforcer, si l\u2019on veut maintenir une certaine\npopulation dans ces quartiers.<\/p>\n\n\n\n<p><strong>Espace\npublic: projets quartier par quartier <\/strong><\/p>\n\n\n\n<ul><li><strong><em>QUARTIER DES ARTS ET METIERS &#8211; GRANDS\nBOULEVARDS<\/em><\/strong><\/li><\/ul>\n\n\n\n<p>Une r\u00e9flexion est engag\u00e9e avec l&#8217;\u00e9quipe\nurbaine, <em>Ville et Territoires<\/em> du CNAM\n\u00e0 la suite d&#8217;une demande du Maire du Troisi\u00e8me arrondissement, en vue de faire\ndes propositions de requalification, de r\u00e9am\u00e9nagement et de recomposition de\nces quartiers.<\/p>\n\n\n\n<p>La place du commerce devra notamment \u00eatre\napprofondie en vue de leur revitalisation.<\/p>\n\n\n\n<p>Ce th\u00e8me fait donc l\u2019objet de l\u2019atelier\nCNAM 2019-2020 auquel nous participons r\u00e9guli\u00e8rement de fa\u00e7on active (expos\u00e9s\ndes atouts et dysfonctionnements, besoins, encadrement des projets, contacts\navec les auditeurs et l\u2019\u00e9quipe enseignante). Comme pour le mobil centre, ces\npremi\u00e8res r\u00e9flexions d\u2019urbanistes pourraient \u00eatre approfondies par des travaux\nd\u2019\u00e9tudiants du CNAM, d\u2019\u00e9coles d\u2019architectures ou d\u2019arts appliqu\u00e9s, parisiennes.<\/p>\n\n\n\n<ul><li><strong><em>&nbsp;<\/em><\/strong><strong><em>QUARTIER DE LA BOURSE<\/em><\/strong><strong><\/strong><\/li><\/ul>\n\n\n\n<p>Un projet d&#8217;embellissement a \u00e9t\u00e9 \u00e9tabli par\nl&#8217;AUCP \u00e0 la demande du Maire du deuxi\u00e8me&nbsp;\narrondissement. <s>&nbsp;<\/s><\/p>\n\n\n\n<p>Ce projet men\u00e9 en partenariat avec les\n\u00e9lus d\u2019arrondissement, les services de la ville et de l\u2019Etat (DRAC, ABF) a \u00e9t\u00e9\njug\u00e9 trop cons\u00e9quent pour s\u2019ins\u00e9rer dans le cadre du budget participatif 2019.<\/p>\n\n\n\n<p>La\nconclusion de la &nbsp;r\u00e9union r\u00e9cente avec le\nMaire du 2e, a pour objet l\u2019approfondissement de cette d\u00e9marche qui serait abord\u00e9e\nnotamment avec les Conseils de quartiers.<\/p>\n\n\n\n<ul><li><strong><em>RUE DE L&#8217;AMIRAL DE COLIGNY ET SES &nbsp;&nbsp;&nbsp;ABORDS (Colonnade de Perrault, Saint Germain\nl&#8217;Auxerrois, Mairie du premier arrondissement) <\/em><\/strong><strong><\/strong><\/li><\/ul>\n\n\n\n<p>Il\ns\u2019agit d\u2019un espace majeur de l\u2019histoire de Paris, belv\u00e9d\u00e8re surplombant &nbsp;la Seine et marquant l\u2019entr\u00e9e du ch\u00e2teau fort\ndevenu r\u00e9sidence royale au d\u00e9bouch\u00e9 des rues sinueuses m\u00e9di\u00e9vales, dont il\nreste des traces dans la trame urbaine, entre le grand Ch\u00e2telet et le Louvre.<\/p>\n\n\n\n<p>De\nPhilippe Auguste \u00e0 Andr\u00e9 Malraux, ce lieu \u00e9voque les repr\u00e9sentations graphiques\ndes entr\u00e9es royales mais aussi des \u00e9v\u00e8nements marqueurs de l\u2019histoire comme la\nSaint Barth\u00e9l\u00e9my (Les cloches de Saint-Germain \u2013l\u2019Auxerrois, signalant le d\u00e9but\ndu pogrom), la colonnade de Perrault entra\u00eenant les destructions du tissu\nancien&nbsp; cr\u00e9atrices du vide non am\u00e9nag\u00e9\n\u00e9voqu\u00e9es&nbsp; par Voltaire, Hugo ou le&nbsp; peintre Pierre Antoine Demachy. <\/p>\n\n\n\n<p>Ce\nlieu et ses abords urbains ont&nbsp; \u00e9t\u00e9\nl\u2019objet de restructurations des \u00eelots et du quartier \u00e0 diff\u00e9rentes \u00e9poques dont\nla plus visible est la perc\u00e9e Haussmannienne (Rues de Rivoli, du Louvre, quais\nentre le grand Ch\u00e2telet et la place de la Concorde, \u2026) ou le d\u00e9blaiement&nbsp; des douves et la lib\u00e9ration totale de\nl\u2019espace, r\u00e9organis\u00e9 c\u00f4t\u00e9 mairie d\u2019arrondissement et \u00e9glise (parking souterrain\net plantations).<\/p>\n\n\n\n<p>La\nrecomposition de ce quartier a engendr\u00e9 des vides urbains, en attente d\u2019am\u00e9nagements\nqualitatifs. L\u2019\u00e9difice majeur de l\u2019histoire parisienne est isol\u00e9. Il est\npourtant le monument qui, au fil des si\u00e8cles a f\u00e9d\u00e9r\u00e9 l\u2019organisation\nspatiale&nbsp; du quartier ainsi que&nbsp; l\u2019am\u00e9nagement du bassin dit du Louvre. La\nmise en sc\u00e8ne de la rivi\u00e8re, des berges et&nbsp;\nles spectacles li\u00e9s \u00e0 l\u2019eau constituent les patrimoines mat\u00e9riels et\nimmat\u00e9riels que nous devrions r\u00e9v\u00e9ler au travers du plan de gestion des\n\u00ab&nbsp;Rives de Seine&nbsp;\u00bb, inscrites, comme Bien fran\u00e7ais,&nbsp; au patrimoine mondial de l\u2019Unesco. La\nr\u00e9flexion est donc \u00e0 l\u2019\u00e9chelle des grandes perspectives urbaines de la capitale\net des monuments majeurs de son patrimoine b\u00e2ti.<\/p>\n\n\n\n<p>Cependant,\n\u00e0 l\u2019\u00e9chelle du quartier, des habitants, des usagers, des visiteurs, cette\nesplanade et ses abords m\u00e9ritent&nbsp; r\u00e9flexions,\npropositions de recomposition et de requalification, qui tout en mettant en\nsc\u00e8ne un paysage urbain, doivent&nbsp;\npermettre de s\u2019approprier un espace agr\u00e9able, confortable ou il ferait\nbon d\u00e9ambuler et prendre le temps de s\u2019arr\u00eater.<\/p>\n\n\n\n<p>&nbsp;Il s\u2019agit donc de mettre en \u0153uvre une\nr\u00e9flexion, partag\u00e9e par de nombreux gestionnaires de l\u2019am\u00e9nagement et des\nespaces prot\u00e9g\u00e9s (abords de MH par exemple), des habitants et des usagers afin\nde d\u00e9finir un programme et fixer les conditions du projet \u00e0 mettre en \u0153uvre suivant\nles modalit\u00e9s l\u00e9gales ou dessin\u00e9 en interne par les services de la ville. La\nmise en valeur de ce vaste site ne peut que prendre en compte l\u2019histoire, les\ntraces connues ou enfouies, le patrimoine d\u2019exception constituant un ensemble\nremarquable tout en r\u00e9pondant aux pratiques actuelles et aux besoins \u00e9cologiques\net environnementaux qui nous incombent. L\u2019enjeu, apr\u00e8s avoir dress\u00e9 un constat\nsur ces lieux, r\u00e9v\u00e9l\u00e9 les atouts, les dysfonctionnements et list\u00e9 les besoins\nest de proposer un programme \u00e9quilibr\u00e9 entre la mise en sc\u00e8ne d\u2019un lieu de\nm\u00e9moire, la for\u00eat urbaine et le lieu de vie tel que demand\u00e9 par les habitants,\nles usagers et de nombreux visiteurs. <\/p>\n\n\n\n<p><strong>Dans ce projet ambitieux, pour\nl\u2019instant \u00e0 notre seule initiative, l\u2019AUCP 1234 propose de poursuivre sa\nr\u00e9flexion, d\u2019assister &nbsp;les futurs\nd\u00e9cideurs, (\u00e9lus, services de la ville et de l\u2019Etat (DRAC et ABF)), et de\npasser le t\u00e9moin, au moment opportun,&nbsp;\naux responsables de la mise en \u0153uvre du projet (esquisses, projet, mise\nen \u0153uvre).<\/strong><\/p>\n\n\n\n<ul><li><strong><em>AUTRES PROJETS D&#8217;ESPACE PUBLIC<\/em><\/strong><strong><\/strong><\/li><\/ul>\n\n\n\n<p>Mais d&#8217;autres propositions sont \u00e0 l&#8217;\u00e9tude.\n<strong>Citons le projet d&#8217;embellissement de la margelle\net surtout du garde-corps de l\u2019ancien pont Saint Louis<\/strong>, routier et pi\u00e9tons,\ndevenu passerelle pi\u00e9tonne depuis plusieurs ann\u00e9es, sans \u00eatre am\u00e9nag\u00e9. Le\ntraitement tr\u00e8s typ\u00e9 de ce pont et son garde-corps, d\u2019\u00e9criture routi\u00e8re ou\np\u00e9ri-urbaine, n\u00e9cessite une r\u00e9flexion que nous proposons de mener. Il est \u00e0\nnoter que plusieurs \u00e9chelles de temps sont \u00e0 prendre en consid\u00e9ration, celle de\nl\u2019am\u00e9lioration de la situation actuelle consistant en \u00ab&nbsp;un toilettage et\nun habillage&nbsp;\u00bb de l\u2019existant afin de \u00ab&nbsp;contenter l\u2019\u0153il&nbsp;\u00bb durant\nquelques ann\u00e9es. Ceci permettrait de laisser le temps de la r\u00e9flexion du plan\nde gestion,&nbsp; afin de d\u00e9finir une\nv\u00e9ritable programmation \u00e0 l\u2019\u00e9chelle des deux \u00eeles et du patrimoine mondial. Une\ntelle programmation pose la question de l\u2019usage, de la g\u00e9om\u00e9trie future (devant\ns\u2019appuyer sur un syst\u00e8me constructif existant), de la r\u00e9versibilit\u00e9 des usages\net des am\u00e9nagements et de fa\u00e7on plus pragmatique, le r\u00f4le du trottoir, de la\nchauss\u00e9e marqu\u00e9e ou non, des gardes corps, de l\u2019\u00e9clairage et, \u00e9videmment du\nverdissement, du rapport \u00e0 l\u2019eau et \u00e0 l\u2019histoire des lieux (m\u00eame si la liaison\nphysique est r\u00e9cente par rapport \u00e0 l\u2019usage des deux \u00eeles). <\/p>\n\n\n\n<p><strong>Organisation de d\u00e9bats,\ndiffusion de l&#8217;information<\/strong><\/p>\n\n\n\n<p>L&#8217;Atelier\nd&#8217;Urbanisme du Centre de Paris a vocation \u00e0 jouer un r\u00f4le dans le domaine de la\ndiffusion de l&#8217;information aupr\u00e8s des habitants et des acteurs de la vie locale\net d&#8217;animer des d\u00e9bats sur l&#8217;avenir des quartiers du centre de Paris.<\/p>\n\n\n\n<ul><li><strong><em>SITE\nINTERNET DE&nbsp; l&#8217;AUCP<\/em><\/strong><\/li><\/ul>\n\n\n\n<p>Diffuser\ntoutes les donn\u00e9es utiles, c&#8217;est le but du site internet qui a \u00e9t\u00e9 cr\u00e9\u00e9 et sera\nd\u00e9velopp\u00e9 pour permettre l&#8217;information du public sur les actions men\u00e9es et les\nprojets en cours. Ce site, <em>aucp1234.fr<\/em>,\nrassemblera toutes les informations utiles sur les activit\u00e9s et le\nfonctionnement de l&#8217;Atelier. Des liens seront \u00e9tablis pour permettre l&#8217;acc\u00e8s \u00e0\nd&#8217;autres bases de donn\u00e9es existantes, comme par exemple, celles de l&#8217;Atelier\nParisien d&#8217;Urbanisme (APUR) ou les films et vid\u00e9os sur l&#8217;urbanisme et la ville\ndu Forum des Images des Halles.<\/p>\n\n\n\n<ul><li><strong><em>LES CONFERENCES\/DEBATS DE L&#8217;AUCP&nbsp;&nbsp;&nbsp;&nbsp;&nbsp;&nbsp;&nbsp;&nbsp;&nbsp;&nbsp;&nbsp; <\/em><\/strong>&nbsp;<\/li><\/ul>\n\n\n\n<p>&nbsp;&nbsp; L&#8217;Atelier d&#8217;Urbanisme organisera\nr\u00e9guli\u00e8rement des Conf\u00e9rences\/d\u00e9bats sur les sujets importants qui demandent\nr\u00e9flexion et qui justifient un d\u00e9bat entre les diff\u00e9rents acteurs et les\nhabitants. <\/p>\n\n\n\n<p>On\npeut citer \u00e0 titre d&#8217;exemple :<\/p>\n\n\n\n<ul><li>&nbsp;La\nplace et le r\u00f4le des quartiers du centre&nbsp;\nde la capitale dans l&#8217;avenir du &#8220;Grand Paris&#8221; ;<\/li><li>&nbsp;Les\nenjeux autour de l&#8217;Ile de la Cit\u00e9 et de Notre Dame r\u00e9habilit\u00e9e ;<\/li><li>&nbsp;La\npolitique de l&#8217;habitat dans les quatre arrondissements ;<\/li><li>&nbsp;La\nr\u00e9habilitation du parc immobilier ancien en prenant en compte les probl\u00e8mes\nsociaux comme les aspects \u00e9nerg\u00e9tiques ; &nbsp;<\/li><li>&nbsp;La\nmobilit\u00e9 et les nouveaux modes de d\u00e9placements ;<\/li><li>&nbsp;La\nplace des jeunes dans les quartiers ;<\/li><li>&nbsp;Paris\nsans carbone&#8230;<\/li><\/ul>\n\n\n\n<p>Certaines\nde ces conf\u00e9rences seront organis\u00e9es dans le cadre d&#8217;un partenariat avec le\nCarreau du Temple (ce partenariat est en cours d&#8217;\u00e9tude).&nbsp; <\/p>\n\n\n\n<p>Chaque\nconf\u00e9rence serait introduite par un ou plusieurs intervenants et ferait l&#8217;objet\nensuite d&#8217;une confrontation d&#8217;id\u00e9es.<\/p>\n\n\n\n<p>_________________________<\/p>\n","protected":false},"excerpt":{"rendered":"<p>15 novembre 2019 Atelier d\u2019Urbanisme du Centre de Paris &#8211; AUCP1234 Son r\u00f4le et ses projets pour les prochaines ann\u00e9es ___________________ L\u2019AUCP, Atelier d\u2019Urbanisme du Centre de Paris (AUCP1234) est une association issue d\u2019une ancienne tradition associative des derni\u00e8res d\u00e9cennies. On peut citer parmi ses ant\u00e9c\u00e9dents&nbsp;: Les Comit\u00e9s des Habitants des 4\u00e8me et 3\u00e8me&nbsp; arrondissements, &hellip; <\/p>\n<p class=\"link-more\"><a href=\"https:\/\/aucp1234.fr\/?page_id=154\" class=\"more-link\">Continue reading<span class=\"screen-reader-text\"> &#8220;Objectifs AUCP pour les prochaines ann\u00e9es (suite)&#8221;<\/span><\/a><\/p>\n","protected":false},"author":1,"featured_media":0,"parent":0,"menu_order":0,"comment_status":"closed","ping_status":"closed","template":"","meta":[],"_links":{"self":[{"href":"https:\/\/aucp1234.fr\/index.php?rest_route=\/wp\/v2\/pages\/154"}],"collection":[{"href":"https:\/\/aucp1234.fr\/index.php?rest_route=\/wp\/v2\/pages"}],"about":[{"href":"https:\/\/aucp1234.fr\/index.php?rest_route=\/wp\/v2\/types\/page"}],"author":[{"embeddable":true,"href":"https:\/\/aucp1234.fr\/index.php?rest_route=\/wp\/v2\/users\/1"}],"replies":[{"embeddable":true,"href":"https:\/\/aucp1234.fr\/index.php?rest_route=%2Fwp%2Fv2%2Fcomments&post=154"}],"version-history":[{"count":1,"href":"https:\/\/aucp1234.fr\/index.php?rest_route=\/wp\/v2\/pages\/154\/revisions"}],"predecessor-version":[{"id":155,"href":"https:\/\/aucp1234.fr\/index.php?rest_route=\/wp\/v2\/pages\/154\/revisions\/155"}],"wp:attachment":[{"href":"https:\/\/aucp1234.fr\/index.php?rest_route=%2Fwp%2Fv2%2Fmedia&parent=154"}],"curies":[{"name":"wp","href":"https:\/\/api.w.org\/{rel}","templated":true}]}}