{"id":317,"date":"2021-11-06T15:19:25","date_gmt":"2021-11-06T14:19:25","guid":{"rendered":"http:\/\/aucp1234.fr\/?page_id=317"},"modified":"2021-11-12T05:32:23","modified_gmt":"2021-11-12T04:32:23","slug":"a-g-ordinaire-2021","status":"publish","type":"page","link":"https:\/\/aucp1234.fr\/?page_id=317","title":{"rendered":"A. G. ordinaire du 7 octobre 2021"},"content":{"rendered":"\n<p>:<\/p>\n\n\n\n<p>Assembl\u00e9e G\u00e9n\u00e9rale ordinaire<\/p>\n\n\n\n<p>de l&#8217;association Atelier d&#8217;Urbanisme Centre de Paris AUCP1234<\/p>\n\n\n\n<p>du 7 octobre 2021<\/p>\n\n\n\n<p>________________<\/p>\n\n\n\n<p>\u00c9taient pr\u00e9sents :<\/p>\n\n\n\n<p>Jean Pierre Pi\u00e9chaud<\/p>\n\n\n\n<p>Gilles Henri Bailly<\/p>\n\n\n\n<p>Jacques Cormier<\/p>\n\n\n\n<p>Bruno Ren\u00e9-Bazin<\/p>\n\n\n\n<p>Mireille de Mun<\/p>\n\n\n\n<p>Roger Biriotti<\/p>\n\n\n\n<p>Michelle Sinturel<\/p>\n\n\n\n<p>Fran\u00e7ois Riche<\/p>\n\n\n\n<p>Marylin Ph\u00e9lipot<\/p>\n\n\n\n<p>Victor Lherm- Soulas<\/p>\n\n\n\n<p>Yves Bru-Malgras<\/p>\n\n\n\n<p>\u00c9taient excus\u00e9s :<\/p>\n\n\n\n<p>Sibylle Beau<\/p>\n\n\n\n<p>Christine Bru<\/p>\n\n\n\n<p>Sophie Hyafil<\/p>\n\n\n\n<p>Alain Canvel<\/p>\n\n\n\n<p>Fran\u00e7oise Filoche<\/p>\n\n\n\n<p>__________________________________<\/p>\n\n\n\n<p>La r\u00e9union commence \u00e0 18h. 40<\/p>\n\n\n\n<p>Hommage \u00e0 nos deux amis disparus<\/p>\n\n\n\n<p>Plusieurs d&#8217;entre nous ont souhait\u00e9 intervenir en souvenir d&#8217;Alain Le Garrec et de Pierre Chatauret qui l&#8217;un et l&#8217;autre ont eu un r\u00f4le important \u00e0 l&#8217;AUCP.<\/p>\n\n\n\n<p>Alain Le Garrec, une figure du centre de Paris, en \u00e9tait en quelque sorte la m\u00e9moire comme a pu le souligner Jean Pierre Pi\u00e9chaud.<\/p>\n\n\n\n<p>Pierre Chatauret, notre Vice Pr\u00e9sident, qui nous a transmis ses connaissances en mati\u00e8re de patrimoine et que certains ont connu et appr\u00e9ci\u00e9 dans ses fonctions ant\u00e9rieures comme Gilles Bailly et Yves Bru.<\/p>\n\n\n\n<p>Rapport d&#8217;activit\u00e9<\/p>\n\n\n\n<p>Jean Pierre Pi\u00e9chaud a pr\u00e9sent\u00e9 le rapport d&#8217;activit\u00e9 en rappelant qu&#8217;il englobe deux ann\u00e9es et la longue p\u00e9riode des confinements et limitations d&#8217;activit\u00e9 li\u00e9e au Covid19.<\/p>\n\n\n\n<p>Malgr\u00e9 cela, il a rappel\u00e9 de nombreuses propositions faites par les membres de l&#8217;Atelier :<\/p>\n\n\n\n<p>&#8211; Le Mobil Centre ;<\/p>\n\n\n\n<p>&#8211; Les parcours pi\u00e9tons ;<\/p>\n\n\n\n<p>&#8211; les r\u00e9flexions sur l&#8217;\u00cele de la Cit\u00e9 ;<\/p>\n\n\n\n<p>&#8211; Un travail important sur le PLU bioclimatique r\u00e9alis\u00e9 avec le CAUE de Paris ;<\/p>\n\n\n\n<p>&#8211; De nombreuses propositions d&#8217;am\u00e9nagements de quartiers : la Place de la Bourse, le quartier des Arts et M\u00e9tiers,&nbsp; La cit\u00e9 Dupetit-Thouars, la rue Charlemagne (dans le cadre de l&#8217;op\u00e9ration rue aux \u00e9coles), des ouvertures de passages (passage Mellay&#8230;), des r\u00e9flexions sur la place de l&#8217;Amiral de Coligny pouvant \u00eatre int\u00e9gr\u00e9es aux travaux actuellement en cours \u00e0 la Ville sur ce secteur important ;<\/p>\n\n\n\n<p>&#8211; Une proposition d&#8217;actions coordonn\u00e9es (un programme de travail) sur le th\u00e8me du logement ;<\/p>\n\n\n\n<p>&#8211; Un projet de cycle de conf\u00e9rences-d\u00e9bats sur l&#8217;urbanisme, la ville et le centre de Paris ;<\/p>\n\n\n\n<p>Toutes ces id\u00e9es et propositions doivent \u00eatre r\u00e9examin\u00e9es, s\u00e9lectionn\u00e9es pour en faire un programme de travail pour 2021\/2022 \u00e0 soumettre aux \u00e9lus de Paris Centre.<\/p>\n\n\n\n<p>C&#8217;est la raison pour laquelle il n&#8217;y a pas \u00e0 ce jour de pr\u00e9sentation d&#8217;un rapport d&#8217;orientation \u00e0 proprement parl\u00e9.<\/p>\n\n\n\n<p>Le rapport d&#8217;activit\u00e9 a \u00e9t\u00e9 approuv\u00e9 \u00e0 l&#8217;unanimit\u00e9 moins deux abstentions<\/p>\n\n\n\n<p>Rapport financier<\/p>\n\n\n\n<p>Le tr\u00e9sorier, Jacques Cormier, a pr\u00e9sent\u00e9 le rapport financier. Il a expliqu\u00e9 qu&#8217;il a \u00e9t\u00e9 oblig\u00e9 de modifier sa pr\u00e9sentation pratique pour tenir compte de la longueur exceptionnelle de la p\u00e9riode, en raison de l&#8217;\u00e9pid\u00e9mie de Covid19, avec l&#8217;int\u00e9gration de soldes interm\u00e9diaires.<\/p>\n\n\n\n<p>Il a \u00e9t\u00e9 soulign\u00e9 qu&#8217;aucune subvention n&#8217;a \u00e9t\u00e9 demand\u00e9e pour la p\u00e9riode consid\u00e9r\u00e9e. N\u00e9anmoins, il semble souhaitable d&#8217;engager une telle d\u00e9marche pour la p\u00e9riode \u00e0 venir pour faciliter des travaux compl\u00e9mentaires sur certains dossiers complexes comme la place de l&#8217;Amiral de Coligny.<\/p>\n\n\n\n<p>Le rapport financier a \u00e9t\u00e9 approuv\u00e9 \u00e0 l&#8217;unanimit\u00e9<\/p>\n\n\n\n<p>D\u00e9signation du bureau<\/p>\n\n\n\n<p>Un nouveau bureau a \u00e9t\u00e9 d\u00e9sign\u00e9 apr\u00e8s le d\u00e9c\u00e8s de Pierre Chatauret et le retrait de Jean Pierre Pi\u00e9chaud, Pr\u00e9sident de l&#8217;AUCP jusqu&#8217;\u00e0 ce jour.<\/p>\n\n\n\n<p>Le nouveau bureau comprend les membres suivants :<\/p>\n\n\n\n<p>&nbsp; &#8211; Gilles Henri Bailly<\/p>\n\n\n\n<p>&nbsp; &#8211; Jacques Cormier<\/p>\n\n\n\n<p>&nbsp; &#8211; Sibylle Beau<\/p>\n\n\n\n<p>&nbsp; &#8211; Marylin Ph\u00e9lipot<\/p>\n\n\n\n<p>&nbsp; &#8211; Jean Pierre Pi\u00e9chaud<\/p>\n\n\n\n<p>Sa composition a \u00e9t\u00e9 adopt\u00e9e \u00e0 l&#8217; unanimit\u00e9.<\/p>\n\n\n\n<p>Pr\u00e9sidence de l&#8217;Association et r\u00e9partition des responsabilit\u00e9s<\/p>\n\n\n\n<p>Il a \u00e9t\u00e9 d\u00e9cid\u00e9 une Copr\u00e9sidence de l&#8217;Association :<\/p>\n\n\n\n<p>Copr\u00e9sident : Gilles Bailly<\/p>\n\n\n\n<p>Copr\u00e9sidente : Marylin Ph\u00e9lipot<\/p>\n\n\n\n<p>Tr\u00e9sorier : Jacques Cormier<\/p>\n\n\n\n<p>Secr\u00e9taire de l&#8217;association : Sibylle Beau<\/p>\n\n\n\n<p>Le partage des responsabilit\u00e9s a \u00e9t\u00e9 adopt\u00e9 \u00e0 l&#8217;unanimit\u00e9.<\/p>\n\n\n\n<p>La r\u00e9union s&#8217;est termin\u00e9e \u00e0 20h.30.<\/p>\n\n\n\n<p>Prochaine r\u00e9union de l&#8217;AUPC1234 le 24 novembre \u00e0 18h.30.&nbsp;<\/p>\n\n\n\n<p>Les \u00e9lus de Paris Centre en charge de l&#8217;Urbanisme y seront invit\u00e9s.<\/p>\n","protected":false},"excerpt":{"rendered":"<p>: Assembl\u00e9e G\u00e9n\u00e9rale ordinaire de l&#8217;association Atelier d&#8217;Urbanisme Centre de Paris AUCP1234 du 7 octobre 2021 ________________ \u00c9taient pr\u00e9sents : Jean Pierre Pi\u00e9chaud Gilles Henri Bailly Jacques Cormier Bruno Ren\u00e9-Bazin Mireille de Mun Roger Biriotti Michelle Sinturel Fran\u00e7ois Riche Marylin Ph\u00e9lipot Victor Lherm- Soulas Yves Bru-Malgras \u00c9taient excus\u00e9s : Sibylle Beau Christine Bru Sophie Hyafil &hellip; <\/p>\n<p class=\"link-more\"><a href=\"https:\/\/aucp1234.fr\/?page_id=317\" class=\"more-link\">Continue reading<span class=\"screen-reader-text\"> &#8220;A. G. ordinaire du 7 octobre 2021&#8221;<\/span><\/a><\/p>\n","protected":false},"author":1,"featured_media":0,"parent":0,"menu_order":0,"comment_status":"closed","ping_status":"closed","template":"","meta":[],"_links":{"self":[{"href":"https:\/\/aucp1234.fr\/index.php?rest_route=\/wp\/v2\/pages\/317"}],"collection":[{"href":"https:\/\/aucp1234.fr\/index.php?rest_route=\/wp\/v2\/pages"}],"about":[{"href":"https:\/\/aucp1234.fr\/index.php?rest_route=\/wp\/v2\/types\/page"}],"author":[{"embeddable":true,"href":"https:\/\/aucp1234.fr\/index.php?rest_route=\/wp\/v2\/users\/1"}],"replies":[{"embeddable":true,"href":"https:\/\/aucp1234.fr\/index.php?rest_route=%2Fwp%2Fv2%2Fcomments&post=317"}],"version-history":[{"count":4,"href":"https:\/\/aucp1234.fr\/index.php?rest_route=\/wp\/v2\/pages\/317\/revisions"}],"predecessor-version":[{"id":331,"href":"https:\/\/aucp1234.fr\/index.php?rest_route=\/wp\/v2\/pages\/317\/revisions\/331"}],"wp:attachment":[{"href":"https:\/\/aucp1234.fr\/index.php?rest_route=%2Fwp%2Fv2%2Fmedia&parent=317"}],"curies":[{"name":"wp","href":"https:\/\/api.w.org\/{rel}","templated":true}]}}