{"id":37,"date":"2018-09-09T19:16:51","date_gmt":"2018-09-09T17:16:51","guid":{"rendered":"http:\/\/aucp1234.fr\/?page_id=37"},"modified":"2018-09-10T16:13:42","modified_gmt":"2018-09-10T14:13:42","slug":"projet-bastille-suite","status":"publish","type":"page","link":"https:\/\/aucp1234.fr\/?page_id=37","title":{"rendered":"Projet Bastille  (suite)"},"content":{"rendered":"<p><img loading=\"lazy\" class=\"size-medium wp-image-34 alignleft\" src=\"http:\/\/aucp1234.fr\/wp-content\/uploads\/2018\/09\/photo-Bastille-2-300x231.png\" alt=\"\" width=\"300\" height=\"231\" srcset=\"https:\/\/aucp1234.fr\/wp-content\/uploads\/2018\/09\/photo-Bastille-2-300x231.png 300w, https:\/\/aucp1234.fr\/wp-content\/uploads\/2018\/09\/photo-Bastille-2.png 307w\" sizes=\"(max-width: 300px) 100vw, 300px\" \/>A ce stade de l\u2019\u00e9laboration de cet important projet urbain, l&#8217;<em>AUCP 1234 <\/em>tient \u00e0 rappeler, entre autre, certains points des r\u00e9flexions de l\u2019association<em> Le quatri\u00e8me en action<\/em>\u00a0 qui avaient abouti \u00e0 une proposition alternative d\u2019am\u00e9nagement d\u00e9j\u00e0 pr\u00e9sent\u00e9e successivement \u00e0 MM.\u00a0Patrick Bloche, ex d\u00e9put\u00e9 des 4\u00e8me, 11\u00e8me et 12\u00e8me arrondissements, conseiller du 11\u00e8me charg\u00e9 de l\u2019urbanisme, Ariel Weil, conseiller du 4\u00e8me et Christophe Najdovski, adjoint \u00e0 la maire de Paris.<\/p>\n<p>Tout d\u2019abord, il \u00e9tait ressorti du diagnostic \u00e9tabli par les services de la Voirie ainsi que de la m\u00e9thodologie subs\u00e9quente suivie lors des s\u00e9ances de concertation que l\u2019orientation impuls\u00e9e \u00e0 ce processus portait prioritairement sur les questions de voirie et de circulation, probl\u00e9matique certes importante, mais qui ne permet pas \u00e0 elle seule de r\u00e9inventer une place correspondant \u00e0 ce concept d\u2019espace urbain en 3 dimensions.<\/p>\n<p>Pour ne s\u2019en tenir qu\u2019au point primordial de notre proposition alternative, il appara\u00eet avec \u00e9vidence que les deux principaux identifiants de la place de La Bastille sont la Colonne de Juillet et l\u2019Op\u00e9ra Bastille,\u00a0 raison pour laquelle il nous avait paru indispensable que le r\u00e9am\u00e9nagement de la place les prenne en compte prioritairement et les relie l\u2019un \u00e0 l\u2019autre par un espace pi\u00e9ton continu. De plus, cet espace aurait permis les exhibitions de \u00ab\u00a0l\u2019Op\u00e9ra sortant hors de ses murs\u00a0\u00bb, pr\u00e9vues de longue date par sa Direction. Le sc\u00e9nario 3 issu de la concertation initiale dont notre proposition est une variante, autorise cet usage \u00e9v\u00e8nementiel d\u2019un ind\u00e9niable int\u00e9r\u00eat ainsi que d\u2019autres manifestations.<\/p>\n<p>Or que se passera-t-il\u00a0 en cas d\u2019application du sc\u00e9nario 2, retenu par le Conseil de Paris sans justification comparative ?<\/p>\n<p>L\u2019Op\u00e9ra Bastille sera coup\u00e9 du reste de la place par une circulation \u00e0 sens unique, ce qui reviendra \u00e0 cr\u00e9er un nouveau giratoire \u00e0 circulation intense englobant, cette fois-ci, l\u2019ensemble de la Colonne de Juillet et du bassin de l\u2019Arsenal, par cons\u00e9quent beaucoup plus \u00e9tendu. Cette disposition applique sans r\u00e9serve le principe visant \u00e0 supprimer les \u00ab\u00a0refuges\u00a0\u00bb de travers\u00e9es pi\u00e9tonnes, qui seraient causes d\u2019ins\u00e9curit\u00e9.<\/p>\n<p>Ce principe de voirie et d\u2019autres encore, ne peuvent \u00e0 eux seuls guider l\u2019am\u00e9nagement d\u2019une place aussi embl\u00e9matique que La Bastille comportant un \u00e9quipement public aussi renomm\u00e9 que son Op\u00e9ra, sans \u00e9voquer \u00e9galement ici les atouts patrimoniaux du lieu.<\/p>\n<p>Il reste pourtant \u00e0 l\u2019ordre du jour des objectifs liminaires de r\u00e9duire la place de l\u2019automobile au profit de l\u2019espace d\u00e9volu aux pi\u00e9tons.<\/p>\n<p>Si l\u2019attention n\u2019est pas attir\u00e9e sur ce point du sc\u00e9nario 2, l\u2019Op\u00e9ra Bastille restera physiquement et symboliquement exclu de l\u2019am\u00e9nagement de La Bastille, alors que le diagnostic\u00a0 avait stigmatis\u00e9 son manque d\u2019int\u00e9gration \u00e0 la place. Pourtant, cet \u00e9quipement de port\u00e9e internationale, inaugur\u00e9 lors du Bicentenaire de la R\u00e9volution, m\u00e9riterait un traitement urbain le mettant enfin davantage en valeur.<\/p>\n<p><em>AUCP 1234 <\/em>souhaite donc qu\u2019une r\u00e9flexion plus approfondie soit men\u00e9e quant \u00e0 l\u2019int\u00e9gration de l\u2019Op\u00e9ra Bastille \u00e0 la place qui devrait \u00eatre aussi la sienne. <em>AUCP 1234, <\/em>suite \u00e0 sa participation aux r\u00e9unions th\u00e9matiques du collectif Bastille, se tient pr\u00eat \u00ab\u00a0\u00e0 \u00e9laborer des solutions pour construire, am\u00e9nager, embellir la place de La Bastille (\u2026) dans un processus de co-conception\u00a0\u00bb pour reprendre les termes des initiateurs de cette op\u00e9ration.<\/p>\n<p><em>AUCP 1234 <\/em>soutient n\u00e9anmoins plusieurs des propositions \u00e9mises lors des r\u00e9unions du collectif Bastille, notamment celles relatives \u00e0 certains usages de l\u2019espace cr\u00e9\u00e9, \u00e0 la mise en valeur de la dimension patrimoniale, \u00e0 la v\u00e9g\u00e9talisation de la place, au mobilier urbain\u2026<\/p>\n<p>&nbsp;<\/p>\n<p>Pour <em>AUCP 1234,<\/em><\/p>\n<p><em>\u00a0\u00a0\u00a0\u00a0\u00a0\u00a0\u00a0\u00a0\u00a0\u00a0\u00a0\u00a0\u00a0\u00a0\u00a0\u00a0\u00a0\u00a0\u00a0\u00a0\u00a0\u00a0\u00a0\u00a0\u00a0\u00a0\u00a0\u00a0\u00a0\u00a0\u00a0\u00a0\u00a0\u00a0\u00a0\u00a0\u00a0\u00a0\u00a0\u00a0\u00a0\u00a0\u00a0\u00a0\u00a0\u00a0\u00a0\u00a0\u00a0\u00a0\u00a0\u00a0\u00a0\u00a0\u00a0\u00a0\u00a0\u00a0\u00a0\u00a0\u00a0\u00a0\u00a0\u00a0\u00a0\u00a0\u00a0\u00a0\u00a0\u00a0\u00a0\u00a0\u00a0\u00a0\u00a0\u00a0\u00a0\u00a0\u00a0\u00a0\u00a0 \u00a0 l<\/em>e 13\/09\/2018<\/p>\n<p>Jacques Cormier<\/p>\n","protected":false},"excerpt":{"rendered":"<p>A ce stade de l\u2019\u00e9laboration de cet important projet urbain, l&#8217;AUCP 1234 tient \u00e0 rappeler, entre autre, certains points des r\u00e9flexions de l\u2019association Le quatri\u00e8me en action\u00a0 qui avaient abouti \u00e0 une proposition alternative d\u2019am\u00e9nagement d\u00e9j\u00e0 pr\u00e9sent\u00e9e successivement \u00e0 MM.\u00a0Patrick Bloche, ex d\u00e9put\u00e9 des 4\u00e8me, 11\u00e8me et 12\u00e8me arrondissements, conseiller du 11\u00e8me charg\u00e9 de l\u2019urbanisme, &hellip; <\/p>\n<p class=\"link-more\"><a href=\"https:\/\/aucp1234.fr\/?page_id=37\" class=\"more-link\">Continue reading<span class=\"screen-reader-text\"> &#8220;Projet Bastille  (suite)&#8221;<\/span><\/a><\/p>\n","protected":false},"author":1,"featured_media":0,"parent":0,"menu_order":0,"comment_status":"closed","ping_status":"closed","template":"","meta":[],"_links":{"self":[{"href":"https:\/\/aucp1234.fr\/index.php?rest_route=\/wp\/v2\/pages\/37"}],"collection":[{"href":"https:\/\/aucp1234.fr\/index.php?rest_route=\/wp\/v2\/pages"}],"about":[{"href":"https:\/\/aucp1234.fr\/index.php?rest_route=\/wp\/v2\/types\/page"}],"author":[{"embeddable":true,"href":"https:\/\/aucp1234.fr\/index.php?rest_route=\/wp\/v2\/users\/1"}],"replies":[{"embeddable":true,"href":"https:\/\/aucp1234.fr\/index.php?rest_route=%2Fwp%2Fv2%2Fcomments&post=37"}],"version-history":[{"count":2,"href":"https:\/\/aucp1234.fr\/index.php?rest_route=\/wp\/v2\/pages\/37\/revisions"}],"predecessor-version":[{"id":53,"href":"https:\/\/aucp1234.fr\/index.php?rest_route=\/wp\/v2\/pages\/37\/revisions\/53"}],"wp:attachment":[{"href":"https:\/\/aucp1234.fr\/index.php?rest_route=%2Fwp%2Fv2%2Fmedia&parent=37"}],"curies":[{"name":"wp","href":"https:\/\/api.w.org\/{rel}","templated":true}]}}