{"id":50,"date":"2018-09-10T16:08:51","date_gmt":"2018-09-10T14:08:51","guid":{"rendered":"http:\/\/aucp1234.fr\/?page_id=50"},"modified":"2018-09-10T16:08:51","modified_gmt":"2018-09-10T14:08:51","slug":"ile-de-la-cite-suite","status":"publish","type":"page","link":"https:\/\/aucp1234.fr\/?page_id=50","title":{"rendered":"Ile de la cit\u00e9  (suite)"},"content":{"rendered":"<p><img loading=\"lazy\" class=\"size-medium wp-image-49 alignleft\" src=\"http:\/\/aucp1234.fr\/wp-content\/uploads\/2018\/09\/photo-ile-de-la-cit\u00e9-198x300.png\" alt=\"\" width=\"198\" height=\"300\" srcset=\"https:\/\/aucp1234.fr\/wp-content\/uploads\/2018\/09\/photo-ile-de-la-cit\u00e9-198x300.png 198w, https:\/\/aucp1234.fr\/wp-content\/uploads\/2018\/09\/photo-ile-de-la-cit\u00e9.png 275w\" sizes=\"(max-width: 198px) 100vw, 198px\" \/>Le projet \u00ab\u00a0\u00cele de la Cit\u00e9\u00a0\u00bb a, semble-t-il pour ambition de m\u00e9tamorphoser ce quartier historique \u00e0 l\u2019horizon des vingt prochaines ann\u00e9es. Le p\u00e9rim\u00e8tre retenu pour l\u2019\u00e9tude englobe un ensemble d\u2019\u00e9quipements et d\u2019institutions historiques de premi\u00e8re importance\u00a0: le parvis de Notre Dame, le Palais de Justice, l\u2019H\u00f4tel Dieu, le Tribunal de Commerce, le March\u00e9 aux fleurs\u2026<\/p>\n<p>Se posent tout d\u2019abord les questions li\u00e9es \u00e0 l\u2019affectation pr\u00e9cise de ces \u00e9quipements \u00e0 moyen et long terme\u00a0: par exemple le r\u00f4le futur des b\u00e2timents de l\u2019actuel Palais de Justice dans le syst\u00e8me judiciaire \u00e0 venir, la place de la sant\u00e9 dans l\u2019H\u00f4tel Dieu de demain (service d\u2019urgence, hospitalisation ambulatoire, autres fonctions\u2026), la place et les formes d\u00e9volues au March\u00e9 aux fleurs dont l\u2019existence est ch\u00e8re aux parisiens, l\u2019organisation de la Pr\u00e9fecture de Police dont les liens avec l\u2019institution judiciaire sont multiples\u2026<\/p>\n<p>Mais au-del\u00e0 des r\u00e9ponses \u00e0 apporter \u00e0 ces questions essentielles, se posent des probl\u00e8mes de fond dont il convient de dresser une premi\u00e8re liste\u00a0:<\/p>\n<ul>\n<li>Quel est le statut actuel de la Mission confi\u00e9e \u00e0 Philippe B\u00e9laval et Dominique Perrault\u00a0?<\/li>\n<li>S\u2019il existe aujourd\u2019hui un projet d\u2019am\u00e9nagement d\u2019ensemble, quelle proc\u00e9dure est engag\u00e9e et quelles en sont les \u00e9tapes. Actuellement, que se passe-t-il\u00a0?<\/li>\n<li>Quel mode de participation citoyenne est-il pr\u00e9vu pour un tel projet dans un quartier vivant, habit\u00e9, en plein centre de la capitale\u00a0?<\/li>\n<li>L\u2019attribution probable des Jeux Olympiques de 2024 \u00e0 la Ville de Paris ne risque-t-elle pas d\u2019interf\u00e9rer dans le jeu de la d\u00e9cision et de modifier en mati\u00e8re d\u2019urbanisme la liste et la hi\u00e9rarchie des actions d\u2019am\u00e9nagement concernant le centre historique de Paris\u00a0?<\/li>\n<li>Le fait que l\u2019\u00cele de la Cit\u00e9 soit incluse dans le site \u00ab\u00a0Rives de la Seine\u00a0\u00bb inscrit au Patrimoine mondial, implique un Plan de gestion conform\u00e9ment aux Directives de l\u2019UNESCO \u00a0et aux engagements de la loi relative \u00e0 la Libert\u00e9 de cr\u00e9ation, \u00e0 l\u2019architecture et au patrimoine du 7 juillet 2016. La loi identifie les notions de \u00ab\u00a0zone tampon\u00a0\u00bb et de \u00ab\u00a0Plan de gestion\u00a0\u00bb, deux outils essentiels pour assurer la Valeur Universelle Exceptionnelle (VUE) des biens du Patrimoine mondial. Elle pr\u00e9voit que le Pr\u00e9fet porte \u00e0 la connaissance de l\u2019autorit\u00e9 comp\u00e9tente en mati\u00e8re d\u2019urbanisme, les dispositions du plan de gestion du bien afin d\u2019en assurer la protection et la mise en valeur.<\/li>\n<\/ul>\n<p>O\u00f9 en sont aujourd\u2019hui ces proc\u00e9dures\u00a0?<\/p>\n<p><strong>En conclusion<\/strong><\/p>\n<p>L\u2019AUCP reste tr\u00e8s attach\u00e9 au maintien d\u2019un \u00e9quilibre rigoureux entre\u00a0:<\/p>\n<ul>\n<li>une protection scrupuleuse du tr\u00e8s riche patrimoine que poss\u00e8de l\u2019Ile de la Cit\u00e9\u00a0;<\/li>\n<li>un d\u00e9veloppement urbain et social n\u00e9cessaire \u00e0 ses habitants\u00a0;<\/li>\n<li>et des am\u00e9nagements de nature touristique (h\u00f4tels, restaurants,\u00a0 boutiques, etc.) que n\u00e9cessiterait le r\u00f4le d\u2019accueil de ce quartier ancien du centre de Paris.<\/li>\n<\/ul>\n<p>AUCP,\u00a0\u00a0\u00a0 Ao\u00fbt 2017<\/p>\n","protected":false},"excerpt":{"rendered":"<p>Le projet \u00ab\u00a0\u00cele de la Cit\u00e9\u00a0\u00bb a, semble-t-il pour ambition de m\u00e9tamorphoser ce quartier historique \u00e0 l\u2019horizon des vingt prochaines ann\u00e9es. Le p\u00e9rim\u00e8tre retenu pour l\u2019\u00e9tude englobe un ensemble d\u2019\u00e9quipements et d\u2019institutions historiques de premi\u00e8re importance\u00a0: le parvis de Notre Dame, le Palais de Justice, l\u2019H\u00f4tel Dieu, le Tribunal de Commerce, le March\u00e9 aux fleurs\u2026 &hellip; <\/p>\n<p class=\"link-more\"><a href=\"https:\/\/aucp1234.fr\/?page_id=50\" class=\"more-link\">Continue reading<span class=\"screen-reader-text\"> &#8220;Ile de la cit\u00e9  (suite)&#8221;<\/span><\/a><\/p>\n","protected":false},"author":1,"featured_media":0,"parent":0,"menu_order":0,"comment_status":"closed","ping_status":"closed","template":"","meta":[],"_links":{"self":[{"href":"https:\/\/aucp1234.fr\/index.php?rest_route=\/wp\/v2\/pages\/50"}],"collection":[{"href":"https:\/\/aucp1234.fr\/index.php?rest_route=\/wp\/v2\/pages"}],"about":[{"href":"https:\/\/aucp1234.fr\/index.php?rest_route=\/wp\/v2\/types\/page"}],"author":[{"embeddable":true,"href":"https:\/\/aucp1234.fr\/index.php?rest_route=\/wp\/v2\/users\/1"}],"replies":[{"embeddable":true,"href":"https:\/\/aucp1234.fr\/index.php?rest_route=%2Fwp%2Fv2%2Fcomments&post=50"}],"version-history":[{"count":1,"href":"https:\/\/aucp1234.fr\/index.php?rest_route=\/wp\/v2\/pages\/50\/revisions"}],"predecessor-version":[{"id":51,"href":"https:\/\/aucp1234.fr\/index.php?rest_route=\/wp\/v2\/pages\/50\/revisions\/51"}],"wp:attachment":[{"href":"https:\/\/aucp1234.fr\/index.php?rest_route=%2Fwp%2Fv2%2Fmedia&parent=50"}],"curies":[{"name":"wp","href":"https:\/\/api.w.org\/{rel}","templated":true}]}}