{"id":61,"date":"2018-09-13T10:09:43","date_gmt":"2018-09-13T08:09:43","guid":{"rendered":"http:\/\/aucp1234.fr\/?page_id=61"},"modified":"2018-09-13T10:09:43","modified_gmt":"2018-09-13T08:09:43","slug":"presentation-succincte-de-aucp1234","status":"publish","type":"page","link":"https:\/\/aucp1234.fr\/?page_id=61","title":{"rendered":"Pr\u00e9sentation succincte de AUCP1234"},"content":{"rendered":"<p><strong>L&#8217;Atelier d&#8217;Urbanisme des quatre arrondissements du Centre de Paris, AUCP 1234<\/strong>, existe depuis 2017. Il s&#8217;est donn\u00e9 pour objectif de cr\u00e9er une instance citoyenne pour r\u00e9fl\u00e9chir \u00e0 l&#8217;avenir de ce &#8220;morceau de ville&#8221; qu&#8217;est le vieux centre de Paris, dans l&#8217;esprit du d\u00e9veloppement durable.<\/p>\n<p>Il souhaite participer \u00e0 l&#8217;\u00e9laboration de projets o\u00f9 les habitants aient toute leur place, en concertation avec les \u00e9lus et les services de la Ville et avec les diff\u00e9rents acteurs de la vie urbaine dont les Conseils de Quartiers.<\/p>\n<p>Il s&#8217;agit d&#8217;un espace de dialogue et de propositions pouvant apporter un &#8220;plus&#8221; au plan de la d\u00e9mocratie locale dans le cadre du rapprochement politique et administratif engag\u00e9 pour nos quatre arrondissements.<\/p>\n<p>Les membres de l&#8217;AUCP sont avant tout des habitants int\u00e9ress\u00e9s par les probl\u00e8mes de la vie locale, de l&#8217;urbanisme et de la gestion urbaine. On compte parmi eux des urbanistes, des architectes et des professionnels des probl\u00e8mes urbains.<\/p>\n","protected":false},"excerpt":{"rendered":"<p>L&#8217;Atelier d&#8217;Urbanisme des quatre arrondissements du Centre de Paris, AUCP 1234, existe depuis 2017. Il s&#8217;est donn\u00e9 pour objectif de cr\u00e9er une instance citoyenne pour r\u00e9fl\u00e9chir \u00e0 l&#8217;avenir de ce &#8220;morceau de ville&#8221; qu&#8217;est le vieux centre de Paris, dans l&#8217;esprit du d\u00e9veloppement durable. Il souhaite participer \u00e0 l&#8217;\u00e9laboration de projets o\u00f9 les habitants aient &hellip; <\/p>\n<p class=\"link-more\"><a href=\"https:\/\/aucp1234.fr\/?page_id=61\" class=\"more-link\">Continue reading<span class=\"screen-reader-text\"> &#8220;Pr\u00e9sentation succincte de AUCP1234&#8221;<\/span><\/a><\/p>\n","protected":false},"author":1,"featured_media":0,"parent":0,"menu_order":0,"comment_status":"closed","ping_status":"closed","template":"","meta":[],"_links":{"self":[{"href":"https:\/\/aucp1234.fr\/index.php?rest_route=\/wp\/v2\/pages\/61"}],"collection":[{"href":"https:\/\/aucp1234.fr\/index.php?rest_route=\/wp\/v2\/pages"}],"about":[{"href":"https:\/\/aucp1234.fr\/index.php?rest_route=\/wp\/v2\/types\/page"}],"author":[{"embeddable":true,"href":"https:\/\/aucp1234.fr\/index.php?rest_route=\/wp\/v2\/users\/1"}],"replies":[{"embeddable":true,"href":"https:\/\/aucp1234.fr\/index.php?rest_route=%2Fwp%2Fv2%2Fcomments&post=61"}],"version-history":[{"count":1,"href":"https:\/\/aucp1234.fr\/index.php?rest_route=\/wp\/v2\/pages\/61\/revisions"}],"predecessor-version":[{"id":62,"href":"https:\/\/aucp1234.fr\/index.php?rest_route=\/wp\/v2\/pages\/61\/revisions\/62"}],"wp:attachment":[{"href":"https:\/\/aucp1234.fr\/index.php?rest_route=%2Fwp%2Fv2%2Fmedia&parent=61"}],"curies":[{"name":"wp","href":"https:\/\/api.w.org\/{rel}","templated":true}]}}