{"id":72,"date":"2018-09-13T10:35:23","date_gmt":"2018-09-13T08:35:23","guid":{"rendered":"http:\/\/aucp1234.fr\/?page_id=72"},"modified":"2018-09-13T10:35:23","modified_gmt":"2018-09-13T08:35:23","slug":"pv-ag-constitutive","status":"publish","type":"page","link":"https:\/\/aucp1234.fr\/?page_id=72","title":{"rendered":"PV AG constitutive"},"content":{"rendered":"<p>Proc\u00e8s verbal de l&#8217;Assembl\u00e9e g\u00e9n\u00e9rale constitutive de l&#8217;association Atelier d&#8217;Urbanisme des quatre arrondissements du centre de Paris<br \/>\n(AUCP1234)<br \/>\nEn date du dix neuf mai deux mille dix sept (19 mai 2017), les personnes pr\u00e9sentes se sont r\u00e9unies en Assembl\u00e9e g\u00e9n\u00e9rale constitutive pour d\u00e9cider de la cr\u00e9ation de &#8221; l&#8217;Association Atelier d&#8217;Urbanisme des quatre arrondissements du Centre de Paris &#8221; (AUCP1234).<br \/>\nLa pr\u00e9sidence de la s\u00e9ance est assur\u00e9e par Jean Pierre Pi\u00e9chaud. Il rappelle les points inscrits \u00e0 l&#8217;ordre du jour, \u00e0 savoir :<br \/>\n1 &#8211; Pr\u00e9sentation du projet<br \/>\n2 &#8211; Pr\u00e9sentation, discussion et adoption des statuts<br \/>\n3 &#8211; \u00c9lection des membres du Conseil d&#8217;administration<br \/>\n4 &#8211; D\u00e9termination du montant des cotisations<br \/>\n5 &#8211; Si\u00e8ge social de l&#8217;association<br \/>\nD\u00e9lib\u00e9ration<br \/>\nPr\u00e9sentation du projet<br \/>\nLe pr\u00e9sident de s\u00e9ance commente un texte intitul\u00e9 &#8220;Projet pour un atelier d&#8217;urbanisme des quatre arrondissements du centre de Paris&#8221; (distribu\u00e9 aux personnes pr\u00e9sentes et figurant en annexe du pr\u00e9sent proc\u00e8s-verbal).<br \/>\nApr\u00e8s discussion, ce texte d&#8217;orientation est adopt\u00e9 \u00e0 l&#8217;unanimit\u00e9.<br \/>\nPr\u00e9sentation, lecture et adoption des statuts<br \/>\nIl est donn\u00e9 lecture du projet de statuts. Apr\u00e8s discussion et \u00e9change de vues, certaines modifications sont propos\u00e9es et prises en compte. Le texte ainsi modifi\u00e9 est adopt\u00e9 \u00e0 l&#8217;unanimit\u00e9.<br \/>\n\u00c9lection des membres du Conseil d&#8217;administration<br \/>\nApr\u00e8s que le Pr\u00e9sident de s\u00e9ance ait sollicit\u00e9 des candidatures en vue de composer le Conseil d&#8217;administration (qui peut compter, selon les statuts, un minimum de quatre membres et un maximum de dix membres), il est proc\u00e9d\u00e9 \u00e0 l&#8217;\u00e9lection du Conseil. Le vote a \u00e9t\u00e9 le suivant :<br \/>\n&#8211; Jean Pierre Pi\u00e9chaud, Pr\u00e9sident<br \/>\n&#8211; Pierre Chatauret, Vice-Pr\u00e9sident<br \/>\n&#8211; Sibylle Madelain-Beau, Secr\u00e9taire<br \/>\n&#8211; Jacques Cormier, Tr\u00e9sorier<br \/>\n&#8211; Denise Viala, Tr\u00e9sori\u00e8re adjointe<br \/>\n&#8211; Anne Ren\u00e9-Bazin, Administrateure<br \/>\n&#8211; Alain Le Garrec, Administrateur<br \/>\n&#8211; Dominique Dussart, Administrateure<br \/>\n&#8211; J\u00e9r\u00f4me Leroy, Administrateur<br \/>\n&#8211; Quentin Picquenot, Administrateur<br \/>\nOuverture d&#8217;un compte<br \/>\nAu cas o\u00f9 l&#8217;association ouvrirait un compte, les trois personnes habilit\u00e9es pour cela seraient :<br \/>\n&#8211; Jean Pierre Pi\u00e9chaud, Pr\u00e9sident<br \/>\n&#8211; Jacques Cormier, Tr\u00e9sorier<br \/>\n&#8211; Denise Viala, Tr\u00e9sori\u00e8re adjointe.<br \/>\nD\u00e9termination du montant des cotisations<br \/>\nLe montant des cotisations est fix\u00e9 \u00e0 20 euros minimum par an.<br \/>\nSi\u00e8ge social<br \/>\nLe si\u00e8ge social est \u00e0 la Maison des associations, 5 rue Perr\u00e9e 75003 Paris<br \/>\nL&#8217;ordre du jour \u00e9tant \u00e9puis\u00e9, la s\u00e9ance est lev\u00e9e \u00e0 19 heures.<br \/>\nLe Pr\u00e9sident autre membre<br \/>\nJean Pierre Pi\u00e9chaud Jacques Cormier<\/p>\n","protected":false},"excerpt":{"rendered":"<p>Proc\u00e8s verbal de l&#8217;Assembl\u00e9e g\u00e9n\u00e9rale constitutive de l&#8217;association Atelier d&#8217;Urbanisme des quatre arrondissements du centre de Paris (AUCP1234) En date du dix neuf mai deux mille dix sept (19 mai 2017), les personnes pr\u00e9sentes se sont r\u00e9unies en Assembl\u00e9e g\u00e9n\u00e9rale constitutive pour d\u00e9cider de la cr\u00e9ation de &#8221; l&#8217;Association Atelier d&#8217;Urbanisme des quatre arrondissements du &hellip; <\/p>\n<p class=\"link-more\"><a href=\"https:\/\/aucp1234.fr\/?page_id=72\" class=\"more-link\">Continue reading<span class=\"screen-reader-text\"> &#8220;PV AG constitutive&#8221;<\/span><\/a><\/p>\n","protected":false},"author":1,"featured_media":0,"parent":0,"menu_order":0,"comment_status":"closed","ping_status":"closed","template":"","meta":[],"_links":{"self":[{"href":"https:\/\/aucp1234.fr\/index.php?rest_route=\/wp\/v2\/pages\/72"}],"collection":[{"href":"https:\/\/aucp1234.fr\/index.php?rest_route=\/wp\/v2\/pages"}],"about":[{"href":"https:\/\/aucp1234.fr\/index.php?rest_route=\/wp\/v2\/types\/page"}],"author":[{"embeddable":true,"href":"https:\/\/aucp1234.fr\/index.php?rest_route=\/wp\/v2\/users\/1"}],"replies":[{"embeddable":true,"href":"https:\/\/aucp1234.fr\/index.php?rest_route=%2Fwp%2Fv2%2Fcomments&post=72"}],"version-history":[{"count":1,"href":"https:\/\/aucp1234.fr\/index.php?rest_route=\/wp\/v2\/pages\/72\/revisions"}],"predecessor-version":[{"id":73,"href":"https:\/\/aucp1234.fr\/index.php?rest_route=\/wp\/v2\/pages\/72\/revisions\/73"}],"wp:attachment":[{"href":"https:\/\/aucp1234.fr\/index.php?rest_route=%2Fwp%2Fv2%2Fmedia&parent=72"}],"curies":[{"name":"wp","href":"https:\/\/api.w.org\/{rel}","templated":true}]}}