{"id":8,"date":"2018-09-09T18:28:59","date_gmt":"2018-09-09T16:28:59","guid":{"rendered":"http:\/\/aucp1234.fr\/?page_id=8"},"modified":"2021-12-17T14:45:58","modified_gmt":"2021-12-17T13:45:58","slug":"a-propos-de","status":"publish","type":"page","link":"https:\/\/aucp1234.fr\/?page_id=8","title":{"rendered":"\u00c0 propos de"},"content":{"rendered":"<ul>\n<li><a href=\"http:\/\/aucp1234.fr\/?page_id=364\"><strong>Rapport d&#8217;activit\u00e9 A.G. du 7 octobre 2021<\/strong><\/a><\/li>\n<li><a href=\"http:\/\/aucp1234.fr\/?page_id=317\"><strong>A.G. ordinaire du 7 octobre 2021<\/strong><\/a><\/li>\n<li><a href=\"http:\/\/aucp1234.fr\/?page_id=358\"><strong>Bilan financier 2021<\/strong><\/a><\/li>\n<li><a href=\"http:\/\/aucp1234.fr\/?page_id=338\"><strong>Lettre du 31 mars 2021 au Maire de Paris Centre<\/strong><\/a><\/li>\n<\/ul>\n<ul>\n<li><em><strong><a href=\"http:\/\/aucp1234.fr\/?page_id=72\">PV Assembl\u00e9e g\u00e9n\u00e9rale constitutive du 19 mai 2017 &#8230;<\/a><br \/>\n<\/strong><\/em><\/li>\n<li><a href=\"http:\/\/aucp1234.fr\/?page_id=69\"><em><strong>Statuts de l&#8217;association &#8230;<\/strong><\/em><\/a><\/li>\n<li><a href=\"http:\/\/aucp1234.fr\/?page_id=66\"><em><strong>Premi\u00e8re note de r\u00e9flexion &#8230;<\/strong><\/em><\/a> <em>ayant servi de base \u00e0 la construction du projet d&#8217;Atelier d&#8217;Urbanisme du Centre de Paris. Cette note, plusieurs fois amend\u00e9e par au cours de r\u00e9unions organis\u00e9es dans les premiers mois de l&#8217;ann\u00e9e 2017, a servi ensuite \u00e0 la cr\u00e9ation de l&#8217;association.<\/em><\/li>\n<li><a href=\"http:\/\/aucp1234.fr\/?page_id=61\"><em><strong>Pr\u00e9sentation succincte de AUCP 1234<\/strong><\/em> &#8230;<\/a><\/li>\n<\/ul>\n","protected":false},"excerpt":{"rendered":"<p>Rapport d&#8217;activit\u00e9 A.G. du 7 octobre 2021 A.G. ordinaire du 7 octobre 2021 Bilan financier 2021 Lettre du 31 mars 2021 au Maire de Paris Centre PV Assembl\u00e9e g\u00e9n\u00e9rale constitutive du 19 mai 2017 &#8230; Statuts de l&#8217;association &#8230; Premi\u00e8re note de r\u00e9flexion &#8230; ayant servi de base \u00e0 la construction du projet d&#8217;Atelier d&#8217;Urbanisme &hellip; <\/p>\n<p class=\"link-more\"><a href=\"https:\/\/aucp1234.fr\/?page_id=8\" class=\"more-link\">Continue reading<span class=\"screen-reader-text\"> &#8220;\u00c0 propos de&#8221;<\/span><\/a><\/p>\n","protected":false},"author":1,"featured_media":75,"parent":0,"menu_order":0,"comment_status":"closed","ping_status":"closed","template":"","meta":[],"_links":{"self":[{"href":"https:\/\/aucp1234.fr\/index.php?rest_route=\/wp\/v2\/pages\/8"}],"collection":[{"href":"https:\/\/aucp1234.fr\/index.php?rest_route=\/wp\/v2\/pages"}],"about":[{"href":"https:\/\/aucp1234.fr\/index.php?rest_route=\/wp\/v2\/types\/page"}],"author":[{"embeddable":true,"href":"https:\/\/aucp1234.fr\/index.php?rest_route=\/wp\/v2\/users\/1"}],"replies":[{"embeddable":true,"href":"https:\/\/aucp1234.fr\/index.php?rest_route=%2Fwp%2Fv2%2Fcomments&post=8"}],"version-history":[{"count":19,"href":"https:\/\/aucp1234.fr\/index.php?rest_route=\/wp\/v2\/pages\/8\/revisions"}],"predecessor-version":[{"id":369,"href":"https:\/\/aucp1234.fr\/index.php?rest_route=\/wp\/v2\/pages\/8\/revisions\/369"}],"wp:featuredmedia":[{"embeddable":true,"href":"https:\/\/aucp1234.fr\/index.php?rest_route=\/wp\/v2\/media\/75"}],"wp:attachment":[{"href":"https:\/\/aucp1234.fr\/index.php?rest_route=%2Fwp%2Fv2%2Fmedia&parent=8"}],"curies":[{"name":"wp","href":"https:\/\/api.w.org\/{rel}","templated":true}]}}