{"id":80,"date":"2018-09-13T11:07:12","date_gmt":"2018-09-13T09:07:12","guid":{"rendered":"http:\/\/aucp1234.fr\/?page_id=80"},"modified":"2020-02-13T17:47:14","modified_gmt":"2020-02-13T16:47:14","slug":"parcours-suite","status":"publish","type":"page","link":"https:\/\/aucp1234.fr\/?page_id=80","title":{"rendered":"Parcours Mairie 3e Mairie 4e (suite)"},"content":{"rendered":"<p><img loading=\"lazy\" class=\"\" draggable=\"false\" src=\"http:\/\/aucp1234.fr\/wp-content\/uploads\/2018\/09\/Parcours-199x300.png\" alt=\"\" width=\"390\" height=\"588\" \/><\/p>\n<p>Il s&#8217;agit d&#8217;un parcours assez insolite d&#8217;un peu plus d&#8217;un kilom\u00e8tre et tr\u00e8s direct, empruntant de petites rues \u00e0 tr\u00e8s faible circulation automobile, des ruelles ou passages, des jardins.<\/p>\n<p>Il est principalement destin\u00e9 (mais pas uniquement) aux habitants des deux arrondissements pour leurs d\u00e9placements li\u00e9s au quotidien : d\u00e9marches administratives, \u00e9tat civil, mariages, r\u00e9unions, expositions, biblioth\u00e8ques; \u00e9coles, sant\u00e9, courses quotidiennes, etc.<\/p>\n<ul>\n<li><strong>Description du parcours propos\u00e9 <\/strong>(ici dans le sens Nord\/Sud mais il peut bien-entendu \u00eatre emprunt\u00e9 en sens inverse)<strong> :<\/strong><\/li>\n<li>D\u00e9part de la Mairie du troisi\u00e8me, rue Eug\u00e8ne Spuller<\/li>\n<li>travers\u00e9e de la rue de Bretagne<\/li>\n<li>rue de Beauce<\/li>\n<li>ruelle Sourdis qui fait un angle et qui d\u00e9bouche \u00e0 l&#8217;extr\u00e9mit\u00e9 de la rue Charlot (encore aujourd&#8217;hui en partie inaccessible aux pi\u00e9tons)<\/li>\n<li>travers\u00e9e de la rue des quatre fils<\/li>\n<li>emprunt des jardins de l&#8217;H\u00f4tel des Archives<\/li>\n<li>sortie rue de Francs Bourgeois et travers\u00e9e<\/li>\n<li>place du March\u00e9 des Blancs Manteaux<\/li>\n<li>rue des Blancs Manteaux (quelques m\u00e8tres)<\/li>\n<li>rue des guillemittes<\/li>\n<li><em><u>Une variante<\/u><\/em><em> : apr\u00e8s avoir travers\u00e9 la rue des Francs Bourgeois, passer par la petite rue de l&#8217;Abb\u00e9 Migne et suivre le petit jardin \u00e0 l&#8217;Est de l&#8217;\u00e9glise au droit de la rue des Guillemittes.<\/em><\/li>\n<li>rue Sainte Croix de la Bretonnerie (quelques m\u00e8tres)<\/li>\n<li>rue du Bourg Tibourg<\/li>\n<li>travers\u00e9e de la rue de Rivoli<\/li>\n<li>place Baudoyer<\/li>\n<li>Mairie du quatri\u00e8me arrondissement.<\/li>\n<\/ul>\n<ul>\n<li><strong>Signal\u00e9tique<\/strong><\/li>\n<\/ul>\n<p>\u00c0 l&#8217;occasion de l&#8217;\u00e9tude fine de ce trac\u00e9, une r\u00e9flexion particuli\u00e8re sera poursuivie en vue d&#8217;un approfondissement de la signal\u00e9tique appropri\u00e9e aux parcours pi\u00e9tons. Cette r\u00e9flexion, s&#8217;appuyant sur des travaux d\u00e9j\u00e0 men\u00e9s dans le cadre du <em>Parcours pi\u00e9tons Louvre &#8211; place des Vosges &#8211; Bastille,<\/em>(un parcours plut\u00f4t ax\u00e9 sur le domaine patrimonial). On utilisera\u00a0 <em>\u00a0<\/em>notamment les propositions d&#8217;un groupe d&#8217;\u00e9tudiants de l&#8217;\u00c9cole d&#8217;Architecture Paris Malaquais utiles \u00e0 d&#8217;autres parcours pi\u00e9tons. Pour le pr\u00e9sent parcours, l&#8217;attention sera particuli\u00e8rement ax\u00e9e sur les besoins des utilisateurs locaux.<\/p>\n","protected":false},"excerpt":{"rendered":"<p>Il s&#8217;agit d&#8217;un parcours assez insolite d&#8217;un peu plus d&#8217;un kilom\u00e8tre et tr\u00e8s direct, empruntant de petites rues \u00e0 tr\u00e8s faible circulation automobile, des ruelles ou passages, des jardins. Il est principalement destin\u00e9 (mais pas uniquement) aux habitants des deux arrondissements pour leurs d\u00e9placements li\u00e9s au quotidien : d\u00e9marches administratives, \u00e9tat civil, mariages, r\u00e9unions, expositions, &hellip; <\/p>\n<p class=\"link-more\"><a href=\"https:\/\/aucp1234.fr\/?page_id=80\" class=\"more-link\">Continue reading<span class=\"screen-reader-text\"> &#8220;Parcours Mairie 3e Mairie 4e (suite)&#8221;<\/span><\/a><\/p>\n","protected":false},"author":1,"featured_media":0,"parent":0,"menu_order":0,"comment_status":"closed","ping_status":"closed","template":"","meta":[],"_links":{"self":[{"href":"https:\/\/aucp1234.fr\/index.php?rest_route=\/wp\/v2\/pages\/80"}],"collection":[{"href":"https:\/\/aucp1234.fr\/index.php?rest_route=\/wp\/v2\/pages"}],"about":[{"href":"https:\/\/aucp1234.fr\/index.php?rest_route=\/wp\/v2\/types\/page"}],"author":[{"embeddable":true,"href":"https:\/\/aucp1234.fr\/index.php?rest_route=\/wp\/v2\/users\/1"}],"replies":[{"embeddable":true,"href":"https:\/\/aucp1234.fr\/index.php?rest_route=%2Fwp%2Fv2%2Fcomments&post=80"}],"version-history":[{"count":4,"href":"https:\/\/aucp1234.fr\/index.php?rest_route=\/wp\/v2\/pages\/80\/revisions"}],"predecessor-version":[{"id":277,"href":"https:\/\/aucp1234.fr\/index.php?rest_route=\/wp\/v2\/pages\/80\/revisions\/277"}],"wp:attachment":[{"href":"https:\/\/aucp1234.fr\/index.php?rest_route=%2Fwp%2Fv2%2Fmedia&parent=80"}],"curies":[{"name":"wp","href":"https:\/\/api.w.org\/{rel}","templated":true}]}}