{"id":9,"date":"2018-09-09T18:28:59","date_gmt":"2018-09-09T16:28:59","guid":{"rendered":"http:\/\/aucp1234.fr\/?page_id=9"},"modified":"2018-09-13T10:56:27","modified_gmt":"2018-09-13T08:56:27","slug":"contact","status":"publish","type":"page","link":"https:\/\/aucp1234.fr\/?page_id=9","title":{"rendered":"Contact"},"content":{"rendered":"<p>Le si\u00e8ge social est situ\u00e9 \u00e0 la Maison des Associations, 5 rue Perr\u00e9e 75003 Paris.<\/p>\n<p>L&#8217;adresse de messagerie est :\u00a0 aucp1234@gmail.com<\/p>\n","protected":false},"excerpt":{"rendered":"<p>Le si\u00e8ge social est situ\u00e9 \u00e0 la Maison des Associations, 5 rue Perr\u00e9e 75003 Paris. L&#8217;adresse de messagerie est :\u00a0 aucp1234@gmail.com<\/p>\n","protected":false},"author":1,"featured_media":0,"parent":0,"menu_order":0,"comment_status":"closed","ping_status":"closed","template":"","meta":[],"_links":{"self":[{"href":"https:\/\/aucp1234.fr\/index.php?rest_route=\/wp\/v2\/pages\/9"}],"collection":[{"href":"https:\/\/aucp1234.fr\/index.php?rest_route=\/wp\/v2\/pages"}],"about":[{"href":"https:\/\/aucp1234.fr\/index.php?rest_route=\/wp\/v2\/types\/page"}],"author":[{"embeddable":true,"href":"https:\/\/aucp1234.fr\/index.php?rest_route=\/wp\/v2\/users\/1"}],"replies":[{"embeddable":true,"href":"https:\/\/aucp1234.fr\/index.php?rest_route=%2Fwp%2Fv2%2Fcomments&post=9"}],"version-history":[{"count":2,"href":"https:\/\/aucp1234.fr\/index.php?rest_route=\/wp\/v2\/pages\/9\/revisions"}],"predecessor-version":[{"id":77,"href":"https:\/\/aucp1234.fr\/index.php?rest_route=\/wp\/v2\/pages\/9\/revisions\/77"}],"wp:attachment":[{"href":"https:\/\/aucp1234.fr\/index.php?rest_route=%2Fwp%2Fv2%2Fmedia&parent=9"}],"curies":[{"name":"wp","href":"https:\/\/api.w.org\/{rel}","templated":true}]}}